{"id":99,"date":"2024-10-31T09:54:25","date_gmt":"2024-10-31T09:54:25","guid":{"rendered":"https:\/\/saioamota.es\/?page_id=99"},"modified":"2024-12-30T10:52:27","modified_gmt":"2024-12-30T10:52:27","slug":"consultoria-organizacional","status":"publish","type":"page","link":"https:\/\/saioamota.es\/index.php\/consultoria-organizacional","title":{"rendered":"Consultor\u00eda Organizacional"},"content":{"rendered":"\t\t<div data-elementor-type=\"wp-page\" data-elementor-id=\"99\" class=\"elementor elementor-99\">\n\t\t\t\t<div class=\"elementor-element elementor-element-3bcecd7 e-flex e-con-boxed e-con e-parent\" data-id=\"3bcecd7\" data-element_type=\"container\" data-settings=\"{&quot;background_background&quot;:&quot;classic&quot;}\">\n\t\t\t\t\t<div class=\"e-con-inner\">\n\t\t<div class=\"elementor-element elementor-element-1814694 e-con-full e-flex e-con e-child\" data-id=\"1814694\" data-element_type=\"container\">\n\t\t\t\t<div class=\"elementor-element elementor-element-16ac18a elementor-widget elementor-widget-heading\" data-id=\"16ac18a\" data-element_type=\"widget\" data-widget_type=\"heading.default\">\n\t\t\t\t<div class=\"elementor-widget-container\">\n\t\t\t<h1 class=\"elementor-heading-title elementor-size-default\"><b>CONSULTORIA<\/b> ORGANIZACIONAL<\/h1>\t\t<\/div>\n\t\t\t\t<\/div>\n\t\t\t\t<div class=\"elementor-element elementor-element-493e6d3 elementor-widget elementor-widget-heading\" data-id=\"493e6d3\" data-element_type=\"widget\" data-widget_type=\"heading.default\">\n\t\t\t\t<div class=\"elementor-widget-container\">\n\t\t\t<h2 class=\"elementor-heading-title elementor-size-default\">Profundizar y explorar para transformar. Comprender din\u00e1micas clave.<\/h2>\t\t<\/div>\n\t\t\t\t<\/div>\n\t\t\t\t<div class=\"elementor-element elementor-element-1d6e9fc elementor-widget elementor-widget-text-editor\" data-id=\"1d6e9fc\" data-element_type=\"widget\" data-widget_type=\"text-editor.default\">\n\t\t\t\t<div class=\"elementor-widget-container\">\n\t\t\t\t\t\t\t<p>Las empresas, entidades y organizaciones\u00a0 se enfrentan en su d\u00eda a d\u00eda, a situaciones de gran complejidad que pueden interferir en sus objetivos, desarrollo y gesti\u00f3n.<\/p>\t\t\t\t\t\t<\/div>\n\t\t\t\t<\/div>\n\t\t\t\t<\/div>\n\t\t<div class=\"elementor-element elementor-element-f0b5292 e-con-full elementor-hidden-mobile e-flex e-con e-child\" data-id=\"f0b5292\" data-element_type=\"container\">\n\t\t\t\t<\/div>\n\t\t\t\t\t<\/div>\n\t\t\t\t<\/div>\n\t\t<div class=\"elementor-element elementor-element-f8d2b1e e-flex e-con-boxed e-con e-parent\" data-id=\"f8d2b1e\" data-element_type=\"container\">\n\t\t\t\t\t<div class=\"e-con-inner\">\n\t\t<div class=\"elementor-element elementor-element-05021f2 e-con-full e-flex e-con e-child\" data-id=\"05021f2\" data-element_type=\"container\">\n\t\t\t\t<div class=\"elementor-element elementor-element-c6ef2ef elementor-hidden-mobile elementor-widget elementor-widget-image\" data-id=\"c6ef2ef\" data-element_type=\"widget\" data-widget_type=\"image.default\">\n\t\t\t\t<div class=\"elementor-widget-container\">\n\t\t\t\t\t\t\t\t\t\t\t\t\t<img fetchpriority=\"high\" decoding=\"async\" width=\"800\" height=\"533\" src=\"https:\/\/saioamota.es\/wp-content\/uploads\/2024\/10\/saioa-mota-consultoria-organizacional-1024x682.jpg\" class=\"attachment-large size-large wp-image-102\" alt=\"\" srcset=\"https:\/\/saioamota.es\/wp-content\/uploads\/2024\/10\/saioa-mota-consultoria-organizacional-1024x682.jpg 1024w, https:\/\/saioamota.es\/wp-content\/uploads\/2024\/10\/saioa-mota-consultoria-organizacional-300x200.jpg 300w, https:\/\/saioamota.es\/wp-content\/uploads\/2024\/10\/saioa-mota-consultoria-organizacional-768x511.jpg 768w, https:\/\/saioamota.es\/wp-content\/uploads\/2024\/10\/saioa-mota-consultoria-organizacional.jpg 1200w\" sizes=\"(max-width: 800px) 100vw, 800px\" \/>\t\t\t\t\t\t\t\t\t\t\t\t\t<\/div>\n\t\t\t\t<\/div>\n\t\t\t\t<\/div>\n\t\t<div class=\"elementor-element elementor-element-d73c4e2 e-con-full e-flex e-con e-child\" data-id=\"d73c4e2\" data-element_type=\"container\">\n\t\t\t\t<div class=\"elementor-element elementor-element-e4e83b5 elementor-widget elementor-widget-text-editor\" data-id=\"e4e83b5\" data-element_type=\"widget\" data-widget_type=\"text-editor.default\">\n\t\t\t\t<div class=\"elementor-widget-container\">\n\t\t\t\t\t\t\t<p>Juntos, trabajaremos desde la mirada sist\u00e9mica para articular un proceso de mejora y transformaci\u00f3n, en el cual detectaremos las dificultades y obst\u00e1culos que se presentan y que, solo trabajadas desde el inconsciente, lo que no se ve a simple vista, proporcionan cambios duraderos y sostenibles.<\/p>\t\t\t\t\t\t<\/div>\n\t\t\t\t<\/div>\n\t\t\t\t<div class=\"elementor-element elementor-element-d75a148 elementor-widget elementor-widget-text-editor\" data-id=\"d75a148\" data-element_type=\"widget\" data-widget_type=\"text-editor.default\">\n\t\t\t\t<div class=\"elementor-widget-container\">\n\t\t\t\t\t\t\t<p>El enfoque sist\u00e9mico ayuda a identifica y a comprender las din\u00e1micas clave dentro de tu organizaci\u00f3n, para resolver y clarificar situaciones complejas, mejorar los equipos y alcanzar tus objetivos estrat\u00e9gicos, que desde el plano consciente, son m\u00e1s dif\u00edciles de resolver, propiciando que a la larga terminen reapareciendo.<\/p>\t\t\t\t\t\t<\/div>\n\t\t\t\t<\/div>\n\t\t\t\t<div class=\"elementor-element elementor-element-64afa85 elementor-widget elementor-widget-button\" data-id=\"64afa85\" data-element_type=\"widget\" data-widget_type=\"button.default\">\n\t\t\t\t<div class=\"elementor-widget-container\">\n\t\t\t\t\t\t\t\t<a class=\"elementor-button elementor-button-link elementor-size-sm\" href=\"https:\/\/saioamota.es\/index.php\/contacto\">\n\t\t\t\t\t\t<span class=\"elementor-button-content-wrapper\">\n\t\t\t\t\t\t\t\t\t<span class=\"elementor-button-text\">M\u00c1S INFOMACI\u00d3N<\/span>\n\t\t\t\t\t<\/span>\n\t\t\t\t\t<\/a>\n\t\t\t\t\t\t<\/div>\n\t\t\t\t<\/div>\n\t\t\t\t<\/div>\n\t\t\t\t\t<\/div>\n\t\t\t\t<\/div>\n\t\t<div class=\"elementor-element elementor-element-220d56a e-flex e-con-boxed e-con e-parent\" data-id=\"220d56a\" data-element_type=\"container\">\n\t\t\t\t\t<div class=\"e-con-inner\">\n\t\t<div class=\"elementor-element elementor-element-fa825ed e-con-full e-flex e-con e-child\" data-id=\"fa825ed\" data-element_type=\"container\">\n\t\t<div class=\"elementor-element elementor-element-408b7ce e-con-full e-flex e-con e-child\" data-id=\"408b7ce\" data-element_type=\"container\">\n\t\t\t\t<div class=\"elementor-element elementor-element-123cdef elementor-widget elementor-widget-text-editor\" data-id=\"123cdef\" data-element_type=\"widget\" data-widget_type=\"text-editor.default\">\n\t\t\t\t<div class=\"elementor-widget-container\">\n\t\t\t\t\t\t\tPotencia el impacto de tu organizaci\u00f3n.\t\t\t\t\t\t<\/div>\n\t\t\t\t<\/div>\n\t\t\t\t<div class=\"elementor-element elementor-element-6379a46 elementor-widget elementor-widget-text-editor\" data-id=\"6379a46\" data-element_type=\"widget\" data-widget_type=\"text-editor.default\">\n\t\t\t\t<div class=\"elementor-widget-container\">\n\t\t\t\t\t\t\t<ul>\n \t<li>Identifica y comprende conflictos desde la ra\u00edz.<\/li>\n \t<li>Optimiza la toma de decisiones.<\/li>\n \t<li>Fortalece el prop\u00f3sito de tu organizaci\u00f3n.<\/li>\n<\/ul>\t\t\t\t\t\t<\/div>\n\t\t\t\t<\/div>\n\t\t\t\t<\/div>\n\t\t<div class=\"elementor-element elementor-element-42984c6 e-con-full e-flex e-con e-child\" data-id=\"42984c6\" data-element_type=\"container\">\n\t\t\t\t<div class=\"elementor-element elementor-element-47e11ff elementor-widget elementor-widget-text-editor\" data-id=\"47e11ff\" data-element_type=\"widget\" data-widget_type=\"text-editor.default\">\n\t\t\t\t<div class=\"elementor-widget-container\">\n\t\t\t\t\t\t\t<p>\u00bfQu\u00e9 conseguir\u00e1s?<\/p>\t\t\t\t\t\t<\/div>\n\t\t\t\t<\/div>\n\t\t\t\t<div class=\"elementor-element elementor-element-cbbcb19 elementor-widget elementor-widget-text-editor\" data-id=\"cbbcb19\" data-element_type=\"widget\" data-widget_type=\"text-editor.default\">\n\t\t\t\t<div class=\"elementor-widget-container\">\n\t\t\t\t\t\t\t<ul>\n \t<li>Explorar las causas de la rotaci\u00f3n de personal<\/li>\n \t<li>Eficiencia e impacto al optimizar recursos.<\/li>\n \t<li>Ordenar la estructura de manera \u00e1gil.<\/li>\n \t<li>Claridad en los roles y responsabilidades.<\/li>\n \t<li>Reducci\u00f3n del Burnout y aumento de la satisfacci\u00f3n laboral.<\/li>\n \t<li>Alineaci\u00f3n entre la visi\u00f3n y la misi\u00f3n.<\/li>\n \t<li>Construcci\u00f3n de una Cultura Organizacional fuerte y comprometida.<\/li>\n<\/ul>\t\t\t\t\t\t<\/div>\n\t\t\t\t<\/div>\n\t\t\t\t<\/div>\n\t\t\t\t<\/div>\n\t\t\t\t\t<\/div>\n\t\t\t\t<\/div>\n\t\t<div class=\"elementor-element elementor-element-2abea4e e-flex e-con-boxed e-con e-parent\" data-id=\"2abea4e\" data-element_type=\"container\">\n\t\t\t\t\t<div class=\"e-con-inner\">\n\t\t<div class=\"elementor-element elementor-element-8988c26 e-con-full e-flex e-con e-child\" data-id=\"8988c26\" data-element_type=\"container\">\n\t\t<div class=\"elementor-element elementor-element-3b2b639 e-con-full e-flex e-con e-child\" data-id=\"3b2b639\" data-element_type=\"container\">\n\t\t\t\t<div class=\"elementor-element elementor-element-7c41305 elementor-widget elementor-widget-text-editor\" data-id=\"7c41305\" data-element_type=\"widget\" data-widget_type=\"text-editor.default\">\n\t\t\t\t<div class=\"elementor-widget-container\">\n\t\t\t\t\t\t\t\u00bfEst\u00e1s listo para transformar tu organizaci\u00f3n? \t\t\t\t\t\t<\/div>\n\t\t\t\t<\/div>\n\t\t\t\t<div class=\"elementor-element elementor-element-d6fb532 elementor-widget elementor-widget-text-editor\" data-id=\"d6fb532\" data-element_type=\"widget\" data-widget_type=\"text-editor.default\">\n\t\t\t\t<div class=\"elementor-widget-container\">\n\t\t\t\t\t\t\t<p>Te invito a realizar un cambio profundo y significativo de tu organizaci\u00f3n explorando nuevas maneras de entender las din\u00e1micas que subyacen.<\/p>\t\t\t\t\t\t<\/div>\n\t\t\t\t<\/div>\n\t\t\t\t<div class=\"elementor-element elementor-element-da88ae8 elementor-widget elementor-widget-button\" data-id=\"da88ae8\" data-element_type=\"widget\" data-widget_type=\"button.default\">\n\t\t\t\t<div class=\"elementor-widget-container\">\n\t\t\t\t\t\t\t\t<a class=\"elementor-button elementor-button-link elementor-size-sm\" href=\"https:\/\/saioamota.es\/index.php\/contacto\">\n\t\t\t\t\t\t<span class=\"elementor-button-content-wrapper\">\n\t\t\t\t\t\t\t\t\t<span class=\"elementor-button-text\">M\u00c1S INFOMACI\u00d3N<\/span>\n\t\t\t\t\t<\/span>\n\t\t\t\t\t<\/a>\n\t\t\t\t\t\t<\/div>\n\t\t\t\t<\/div>\n\t\t\t\t<\/div>\n\t\t<div class=\"elementor-element elementor-element-63a5f9a e-con-full e-flex e-con e-child\" data-id=\"63a5f9a\" data-element_type=\"container\">\n\t\t\t\t<div class=\"elementor-element elementor-element-b6fe4ae elementor-widget elementor-widget-text-editor\" data-id=\"b6fe4ae\" data-element_type=\"widget\" data-widget_type=\"text-editor.default\">\n\t\t\t\t<div class=\"elementor-widget-container\">\n\t\t\t\t\t\t\t<p>Proceso<\/p>\t\t\t\t\t\t<\/div>\n\t\t\t\t<\/div>\n\t\t<div class=\"elementor-element elementor-element-71d0a93 e-con-full e-flex e-con e-child\" data-id=\"71d0a93\" data-element_type=\"container\">\n\t\t<div class=\"elementor-element elementor-element-122f667 e-con-full e-flex e-con e-child\" data-id=\"122f667\" data-element_type=\"container\">\n\t\t\t\t<div class=\"elementor-element elementor-element-0921de7 elementor-widget elementor-widget-heading\" data-id=\"0921de7\" data-element_type=\"widget\" data-widget_type=\"heading.default\">\n\t\t\t\t<div class=\"elementor-widget-container\">\n\t\t\t<div class=\"elementor-heading-title elementor-size-default\">01<\/div>\t\t<\/div>\n\t\t\t\t<\/div>\n\t\t\t\t<div class=\"elementor-element elementor-element-ebd8966 elementor-widget elementor-widget-text-editor\" data-id=\"ebd8966\" data-element_type=\"widget\" data-widget_type=\"text-editor.default\">\n\t\t\t\t<div class=\"elementor-widget-container\">\n\t\t\t\t\t\t\t<p>Diagn\u00f3stico Inicial y an\u00e1lisis.<\/p>\t\t\t\t\t\t<\/div>\n\t\t\t\t<\/div>\n\t\t\t\t<\/div>\n\t\t<div class=\"elementor-element elementor-element-f4268d0 e-con-full e-flex e-con e-child\" data-id=\"f4268d0\" data-element_type=\"container\">\n\t\t\t\t<div class=\"elementor-element elementor-element-7406e23 elementor-widget elementor-widget-heading\" data-id=\"7406e23\" data-element_type=\"widget\" data-widget_type=\"heading.default\">\n\t\t\t\t<div class=\"elementor-widget-container\">\n\t\t\t<div class=\"elementor-heading-title elementor-size-default\">02<\/div>\t\t<\/div>\n\t\t\t\t<\/div>\n\t\t\t\t<div class=\"elementor-element elementor-element-b28dc46 elementor-widget elementor-widget-text-editor\" data-id=\"b28dc46\" data-element_type=\"widget\" data-widget_type=\"text-editor.default\">\n\t\t\t\t<div class=\"elementor-widget-container\">\n\t\t\t\t\t\t\tIdentificaci\u00f3n de desaf\u00edos y oportunidades.\t\t\t\t\t\t<\/div>\n\t\t\t\t<\/div>\n\t\t\t\t<\/div>\n\t\t<div class=\"elementor-element elementor-element-e07a960 e-con-full e-flex e-con e-child\" data-id=\"e07a960\" data-element_type=\"container\">\n\t\t\t\t<div class=\"elementor-element elementor-element-978c9ec elementor-widget elementor-widget-heading\" data-id=\"978c9ec\" data-element_type=\"widget\" data-widget_type=\"heading.default\">\n\t\t\t\t<div class=\"elementor-widget-container\">\n\t\t\t<div class=\"elementor-heading-title elementor-size-default\">03<\/div>\t\t<\/div>\n\t\t\t\t<\/div>\n\t\t\t\t<div class=\"elementor-element elementor-element-d827f75 elementor-widget elementor-widget-text-editor\" data-id=\"d827f75\" data-element_type=\"widget\" data-widget_type=\"text-editor.default\">\n\t\t\t\t<div class=\"elementor-widget-container\">\n\t\t\t\t\t\t\tEstablecimiento de objetivos.\t\t\t\t\t\t<\/div>\n\t\t\t\t<\/div>\n\t\t\t\t<\/div>\n\t\t<div class=\"elementor-element elementor-element-c2d0d97 e-con-full e-flex e-con e-child\" data-id=\"c2d0d97\" data-element_type=\"container\">\n\t\t\t\t<div class=\"elementor-element elementor-element-a23c4e4 elementor-widget elementor-widget-heading\" data-id=\"a23c4e4\" data-element_type=\"widget\" data-widget_type=\"heading.default\">\n\t\t\t\t<div class=\"elementor-widget-container\">\n\t\t\t<div class=\"elementor-heading-title elementor-size-default\">04<\/div>\t\t<\/div>\n\t\t\t\t<\/div>\n\t\t\t\t<div class=\"elementor-element elementor-element-f286452 elementor-widget elementor-widget-text-editor\" data-id=\"f286452\" data-element_type=\"widget\" data-widget_type=\"text-editor.default\">\n\t\t\t\t<div class=\"elementor-widget-container\">\n\t\t\t\t\t\t\tAcompa\u00f1amiento del proceso.\t\t\t\t\t\t<\/div>\n\t\t\t\t<\/div>\n\t\t\t\t<\/div>\n\t\t<div class=\"elementor-element elementor-element-408ef92 e-con-full e-flex e-con e-child\" data-id=\"408ef92\" data-element_type=\"container\">\n\t\t\t\t<div class=\"elementor-element elementor-element-6d2e8d0 elementor-widget elementor-widget-heading\" data-id=\"6d2e8d0\" data-element_type=\"widget\" data-widget_type=\"heading.default\">\n\t\t\t\t<div class=\"elementor-widget-container\">\n\t\t\t<div class=\"elementor-heading-title elementor-size-default\">05<\/div>\t\t<\/div>\n\t\t\t\t<\/div>\n\t\t\t\t<div class=\"elementor-element elementor-element-3b6c022 elementor-widget elementor-widget-text-editor\" data-id=\"3b6c022\" data-element_type=\"widget\" data-widget_type=\"text-editor.default\">\n\t\t\t\t<div class=\"elementor-widget-container\">\n\t\t\t\t\t\t\tEvaluaci\u00f3n y seguimiento.\t\t\t\t\t\t<\/div>\n\t\t\t\t<\/div>\n\t\t\t\t<\/div>\n\t\t\t\t<\/div>\n\t\t\t\t<\/div>\n\t\t\t\t<\/div>\n\t\t\t\t\t<\/div>\n\t\t\t\t<\/div>\n\t\t\t\t<\/div>\n\t\t","protected":false},"excerpt":{"rendered":"<p>CONSULTORIA ORGANIZACIONAL Profundizar y explorar para transformar. Comprender din\u00e1micas clave. Las empresas, entidades y organizaciones\u00a0 se enfrentan en su d\u00eda a d\u00eda, a situaciones de gran complejidad que pueden interferir en sus objetivos, desarrollo y gesti\u00f3n. Juntos, trabajaremos desde la mirada sist\u00e9mica para articular un proceso de mejora y transformaci\u00f3n, en el cual detectaremos las [&hellip;]<\/p>\n","protected":false},"author":1,"featured_media":0,"parent":0,"menu_order":0,"comment_status":"closed","ping_status":"closed","template":"","meta":{"footnotes":""},"class_list":["post-99","page","type-page","status-publish","hentry"],"_links":{"self":[{"href":"https:\/\/saioamota.es\/index.php\/wp-json\/wp\/v2\/pages\/99"}],"collection":[{"href":"https:\/\/saioamota.es\/index.php\/wp-json\/wp\/v2\/pages"}],"about":[{"href":"https:\/\/saioamota.es\/index.php\/wp-json\/wp\/v2\/types\/page"}],"author":[{"embeddable":true,"href":"https:\/\/saioamota.es\/index.php\/wp-json\/wp\/v2\/users\/1"}],"replies":[{"embeddable":true,"href":"https:\/\/saioamota.es\/index.php\/wp-json\/wp\/v2\/comments?post=99"}],"version-history":[{"count":31,"href":"https:\/\/saioamota.es\/index.php\/wp-json\/wp\/v2\/pages\/99\/revisions"}],"predecessor-version":[{"id":279,"href":"https:\/\/saioamota.es\/index.php\/wp-json\/wp\/v2\/pages\/99\/revisions\/279"}],"wp:attachment":[{"href":"https:\/\/saioamota.es\/index.php\/wp-json\/wp\/v2\/media?parent=99"}],"curies":[{"name":"wp","href":"https:\/\/api.w.org\/{rel}","templated":true}]}}