{"id":29,"date":"2024-10-31T08:21:07","date_gmt":"2024-10-31T08:21:07","guid":{"rendered":"http:\/\/saioamota.es\/?page_id=29"},"modified":"2024-12-30T10:48:13","modified_gmt":"2024-12-30T10:48:13","slug":"home","status":"publish","type":"page","link":"https:\/\/saioamota.es\/","title":{"rendered":"Home"},"content":{"rendered":"\t\t<div data-elementor-type=\"wp-page\" data-elementor-id=\"29\" class=\"elementor elementor-29\">\n\t\t\t\t<div class=\"elementor-element elementor-element-3bcecd7 e-flex e-con-boxed e-con e-parent\" data-id=\"3bcecd7\" data-element_type=\"container\" data-settings=\"{&quot;background_background&quot;:&quot;classic&quot;}\">\n\t\t\t\t\t<div class=\"e-con-inner\">\n\t\t<div class=\"elementor-element elementor-element-1814694 e-con-full e-flex e-con e-child\" data-id=\"1814694\" data-element_type=\"container\">\n\t\t\t\t<div class=\"elementor-element elementor-element-16ac18a elementor-widget elementor-widget-heading\" data-id=\"16ac18a\" data-element_type=\"widget\" data-widget_type=\"heading.default\">\n\t\t\t\t<div class=\"elementor-widget-container\">\n\t\t\t<h1 class=\"elementor-heading-title elementor-size-default\">Consultora organizacional <b>sist\u00e9mica<\/b><\/h1>\t\t<\/div>\n\t\t\t\t<\/div>\n\t\t\t\t<div class=\"elementor-element elementor-element-493e6d3 elementor-widget elementor-widget-heading\" data-id=\"493e6d3\" data-element_type=\"widget\" data-widget_type=\"heading.default\">\n\t\t\t\t<div class=\"elementor-widget-container\">\n\t\t\t<h2 class=\"elementor-heading-title elementor-size-default\">Trabajo junto a ti para impulsar una transformaci\u00f3n profunda en tu organizaci\u00f3n promoviendo cambios sostenibles que aseguren el logro de tus metas.<\/h2>\t\t<\/div>\n\t\t\t\t<\/div>\n\t\t\t\t<\/div>\n\t\t<div class=\"elementor-element elementor-element-891003b e-con-full e-flex e-con e-child\" data-id=\"891003b\" data-element_type=\"container\">\n\t\t<div class=\"elementor-element elementor-element-98c84f5 e-con-full e-flex e-con e-child\" data-id=\"98c84f5\" data-element_type=\"container\">\n\t\t\t\t<div class=\"elementor-element elementor-element-537a119 elementor-widget elementor-widget-heading\" data-id=\"537a119\" data-element_type=\"widget\" data-widget_type=\"heading.default\">\n\t\t\t\t<div class=\"elementor-widget-container\">\n\t\t\t<h3 class=\"elementor-heading-title elementor-size-default\">CONSULTOR\u00cdA<\/h3>\t\t<\/div>\n\t\t\t\t<\/div>\n\t\t\t\t<div class=\"elementor-element elementor-element-484f32c elementor-widget elementor-widget-text-editor\" data-id=\"484f32c\" data-element_type=\"widget\" data-widget_type=\"text-editor.default\">\n\t\t\t\t<div class=\"elementor-widget-container\">\n\t\t\t\t\t\t\t<p>Profundizar y explorar para transformar. Comprender din\u00e1micas clave.<\/p>\t\t\t\t\t\t<\/div>\n\t\t\t\t<\/div>\n\t\t\t\t<div class=\"elementor-element elementor-element-959f220 elementor-widget elementor-widget-button\" data-id=\"959f220\" data-element_type=\"widget\" data-widget_type=\"button.default\">\n\t\t\t\t<div class=\"elementor-widget-container\">\n\t\t\t\t\t\t\t\t<a class=\"elementor-button elementor-button-link elementor-size-sm\" href=\"https:\/\/saioamota.es\/index.php\/consultoria-organizacional\">\n\t\t\t\t\t\t<span class=\"elementor-button-content-wrapper\">\n\t\t\t\t\t\t\t\t\t<span class=\"elementor-button-text\">VER M\u00c1S<\/span>\n\t\t\t\t\t<\/span>\n\t\t\t\t\t<\/a>\n\t\t\t\t\t\t<\/div>\n\t\t\t\t<\/div>\n\t\t\t\t<\/div>\n\t\t<div class=\"elementor-element elementor-element-62002ba e-con-full e-flex e-con e-child\" data-id=\"62002ba\" data-element_type=\"container\">\n\t\t\t\t<div class=\"elementor-element elementor-element-ff6d334 elementor-widget elementor-widget-heading\" data-id=\"ff6d334\" data-element_type=\"widget\" data-widget_type=\"heading.default\">\n\t\t\t\t<div class=\"elementor-widget-container\">\n\t\t\t<h3 class=\"elementor-heading-title elementor-size-default\">COACHING<\/h3>\t\t<\/div>\n\t\t\t\t<\/div>\n\t\t\t\t<div class=\"elementor-element elementor-element-3883574 elementor-widget elementor-widget-text-editor\" data-id=\"3883574\" data-element_type=\"widget\" data-widget_type=\"text-editor.default\">\n\t\t\t\t<div class=\"elementor-widget-container\">\n\t\t\t\t\t\t\t<p>En t\u00ed est\u00e1 todo lo que hace falta para caminar hacia la satisfacci\u00f3n profesional.<\/p>\t\t\t\t\t\t<\/div>\n\t\t\t\t<\/div>\n\t\t\t\t<div class=\"elementor-element elementor-element-a8b34ad elementor-widget elementor-widget-button\" data-id=\"a8b34ad\" data-element_type=\"widget\" data-widget_type=\"button.default\">\n\t\t\t\t<div class=\"elementor-widget-container\">\n\t\t\t\t\t\t\t\t<a class=\"elementor-button elementor-button-link elementor-size-sm\" href=\"https:\/\/saioamota.es\/index.php\/coaching\">\n\t\t\t\t\t\t<span class=\"elementor-button-content-wrapper\">\n\t\t\t\t\t\t\t\t\t<span class=\"elementor-button-text\">VER M\u00c1S<\/span>\n\t\t\t\t\t<\/span>\n\t\t\t\t\t<\/a>\n\t\t\t\t\t\t<\/div>\n\t\t\t\t<\/div>\n\t\t\t\t<\/div>\n\t\t<div class=\"elementor-element elementor-element-38d38b2 e-con-full e-flex e-con e-child\" data-id=\"38d38b2\" data-element_type=\"container\">\n\t\t\t\t<div class=\"elementor-element elementor-element-ab65712 elementor-widget elementor-widget-heading\" data-id=\"ab65712\" data-element_type=\"widget\" data-widget_type=\"heading.default\">\n\t\t\t\t<div class=\"elementor-widget-container\">\n\t\t\t<h3 class=\"elementor-heading-title elementor-size-default\">FORMACI\u00d3N<\/h3>\t\t<\/div>\n\t\t\t\t<\/div>\n\t\t\t\t<div class=\"elementor-element elementor-element-5e32539 elementor-widget elementor-widget-text-editor\" data-id=\"5e32539\" data-element_type=\"widget\" data-widget_type=\"text-editor.default\">\n\t\t\t\t<div class=\"elementor-widget-container\">\n\t\t\t\t\t\t\t<p>Potencia los equipos aprendiendo nuevas formas de intervenci\u00f3n.<\/p>\t\t\t\t\t\t<\/div>\n\t\t\t\t<\/div>\n\t\t\t\t<div class=\"elementor-element elementor-element-52dd8d4 elementor-widget elementor-widget-button\" data-id=\"52dd8d4\" data-element_type=\"widget\" data-widget_type=\"button.default\">\n\t\t\t\t<div class=\"elementor-widget-container\">\n\t\t\t\t\t\t\t\t<a class=\"elementor-button elementor-button-link elementor-size-sm\" href=\"https:\/\/saioamota.es\/index.php\/formacion\">\n\t\t\t\t\t\t<span class=\"elementor-button-content-wrapper\">\n\t\t\t\t\t\t\t\t\t<span class=\"elementor-button-text\">VER M\u00c1S<\/span>\n\t\t\t\t\t<\/span>\n\t\t\t\t\t<\/a>\n\t\t\t\t\t\t<\/div>\n\t\t\t\t<\/div>\n\t\t\t\t<\/div>\n\t\t\t\t<\/div>\n\t\t\t\t\t<\/div>\n\t\t\t\t<\/div>\n\t\t<div class=\"elementor-element elementor-element-f8d2b1e e-flex e-con-boxed e-con e-parent\" data-id=\"f8d2b1e\" data-element_type=\"container\">\n\t\t\t\t\t<div class=\"e-con-inner\">\n\t\t<div class=\"elementor-element elementor-element-05021f2 e-con-full e-flex e-con e-child\" data-id=\"05021f2\" data-element_type=\"container\">\n\t\t\t\t<div class=\"elementor-element elementor-element-48a2674 elementor-widget elementor-widget-image\" data-id=\"48a2674\" data-element_type=\"widget\" data-widget_type=\"image.default\">\n\t\t\t\t<div class=\"elementor-widget-container\">\n\t\t\t\t\t\t\t\t\t\t\t\t\t<img fetchpriority=\"high\" decoding=\"async\" width=\"800\" height=\"614\" src=\"https:\/\/saioamota.es\/wp-content\/uploads\/2024\/11\/saioa-mota-profile-1.jpg\" class=\"attachment-large size-large wp-image-194\" alt=\"\" srcset=\"https:\/\/saioamota.es\/wp-content\/uploads\/2024\/11\/saioa-mota-profile-1.jpg 899w, https:\/\/saioamota.es\/wp-content\/uploads\/2024\/11\/saioa-mota-profile-1-300x230.jpg 300w, https:\/\/saioamota.es\/wp-content\/uploads\/2024\/11\/saioa-mota-profile-1-768x589.jpg 768w\" sizes=\"(max-width: 800px) 100vw, 800px\" \/>\t\t\t\t\t\t\t\t\t\t\t\t\t<\/div>\n\t\t\t\t<\/div>\n\t\t\t\t<\/div>\n\t\t<div class=\"elementor-element elementor-element-749668c e-con-full e-flex e-con e-child\" data-id=\"749668c\" data-element_type=\"container\">\n\t\t\t\t<div class=\"elementor-element elementor-element-e4c666a elementor-widget elementor-widget-heading\" data-id=\"e4c666a\" data-element_type=\"widget\" data-widget_type=\"heading.default\">\n\t\t\t\t<div class=\"elementor-widget-container\">\n\t\t\t<h4 class=\"elementor-heading-title elementor-size-default\">\u00a1Hola!<\/h4>\t\t<\/div>\n\t\t\t\t<\/div>\n\t\t\t\t<div class=\"elementor-element elementor-element-31ce7e3 elementor-widget elementor-widget-text-editor\" data-id=\"31ce7e3\" data-element_type=\"widget\" data-widget_type=\"text-editor.default\">\n\t\t\t\t<div class=\"elementor-widget-container\">\n\t\t\t\t\t\t\t<p>Mi nombre es Saioa Mota Ferri, consultora organizacional sist\u00e9mica, coach sist\u00e9mica, terapeuta counsellor, formadora y educadora social.<\/p>\n<p>Un motor clave en mi vida ha sido siempre la lucha por las injusticias sociales y la necesidad de dar voz a los m\u00e1s desfavorecidos, entendiendo en mi madurez profesional que la clave est\u00e1 en el trabajo colectivo e individual de los profesionales, equipos y entidades que trabajan en post de estos ideales.<\/p>\t\t\t\t\t\t<\/div>\n\t\t\t\t<\/div>\n\t\t\t\t<div class=\"elementor-element elementor-element-ce8c4ba elementor-align-left elementor-widget elementor-widget-button\" data-id=\"ce8c4ba\" data-element_type=\"widget\" data-widget_type=\"button.default\">\n\t\t\t\t<div class=\"elementor-widget-container\">\n\t\t\t\t\t\t\t\t<a class=\"elementor-button elementor-button-link elementor-size-sm\" href=\"https:\/\/saioamota.es\/index.php\/acerca-de-mi\">\n\t\t\t\t\t\t<span class=\"elementor-button-content-wrapper\">\n\t\t\t\t\t\t\t\t\t<span class=\"elementor-button-text\">LEER M\u00c1S<\/span>\n\t\t\t\t\t<\/span>\n\t\t\t\t\t<\/a>\n\t\t\t\t\t\t<\/div>\n\t\t\t\t<\/div>\n\t\t\t\t<\/div>\n\t\t\t\t\t<\/div>\n\t\t\t\t<\/div>\n\t\t<div class=\"elementor-element elementor-element-2ac57a9 e-flex e-con-boxed e-con e-parent\" data-id=\"2ac57a9\" data-element_type=\"container\">\n\t\t\t\t\t<div class=\"e-con-inner\">\n\t\t<div class=\"elementor-element elementor-element-c495c88 e-con-full e-flex e-con e-child\" data-id=\"c495c88\" data-element_type=\"container\">\n\t\t\t\t<div class=\"elementor-element elementor-element-8606a7b elementor-widget elementor-widget-heading\" data-id=\"8606a7b\" data-element_type=\"widget\" data-widget_type=\"heading.default\">\n\t\t\t\t<div class=\"elementor-widget-container\">\n\t\t\t<div class=\"elementor-heading-title elementor-size-default\">+3 A\u00d1OS<\/div>\t\t<\/div>\n\t\t\t\t<\/div>\n\t\t\t\t<div class=\"elementor-element elementor-element-32b24d7 elementor-widget elementor-widget-heading\" data-id=\"32b24d7\" data-element_type=\"widget\" data-widget_type=\"heading.default\">\n\t\t\t\t<div class=\"elementor-widget-container\">\n\t\t\t<div class=\"elementor-heading-title elementor-size-default\">Experiencia en formaci\u00f3n de configuraciones <br \/>organizacionales y familiares<\/div>\t\t<\/div>\n\t\t\t\t<\/div>\n\t\t\t\t<\/div>\n\t\t<div class=\"elementor-element elementor-element-d8424c2 e-con-full e-flex e-con e-child\" data-id=\"d8424c2\" data-element_type=\"container\">\n\t\t\t\t<div class=\"elementor-element elementor-element-2a78422 elementor-widget elementor-widget-heading\" data-id=\"2a78422\" data-element_type=\"widget\" data-widget_type=\"heading.default\">\n\t\t\t\t<div class=\"elementor-widget-container\">\n\t\t\t<div class=\"elementor-heading-title elementor-size-default\">+18 A\u00d1OS<\/div>\t\t<\/div>\n\t\t\t\t<\/div>\n\t\t\t\t<div class=\"elementor-element elementor-element-fba8001 elementor-widget elementor-widget-heading\" data-id=\"fba8001\" data-element_type=\"widget\" data-widget_type=\"heading.default\">\n\t\t\t\t<div class=\"elementor-widget-container\">\n\t\t\t<div class=\"elementor-heading-title elementor-size-default\">Experiencia en el tercer sector y <br \/>acompa\u00f1amiento terap\u00e9utico<\/div>\t\t<\/div>\n\t\t\t\t<\/div>\n\t\t\t\t<\/div>\n\t\t\t\t\t<\/div>\n\t\t\t\t<\/div>\n\t\t<div class=\"elementor-element elementor-element-60c2525 e-flex e-con-boxed e-con e-parent\" data-id=\"60c2525\" data-element_type=\"container\">\n\t\t\t\t\t<div class=\"e-con-inner\">\n\t\t<div class=\"elementor-element elementor-element-c026617 e-con-full e-flex e-con e-child\" data-id=\"c026617\" data-element_type=\"container\">\n\t\t<div class=\"elementor-element elementor-element-880d5e4 e-con-full e-flex e-con e-child\" data-id=\"880d5e4\" data-element_type=\"container\">\n\t\t\t\t<div class=\"elementor-element elementor-element-ffead8a elementor-widget elementor-widget-image\" data-id=\"ffead8a\" data-element_type=\"widget\" data-widget_type=\"image.default\">\n\t\t\t\t<div class=\"elementor-widget-container\">\n\t\t\t\t\t\t\t\t\t\t\t\t\t<img decoding=\"async\" width=\"393\" height=\"375\" src=\"https:\/\/saioamota.es\/wp-content\/uploads\/2024\/10\/hex.svg\" class=\"attachment-large size-large wp-image-52\" alt=\"\" \/>\t\t\t\t\t\t\t\t\t\t\t\t\t<\/div>\n\t\t\t\t<\/div>\n\t\t\t\t<\/div>\n\t\t<div class=\"elementor-element elementor-element-40d14c5 e-con-full e-flex e-con e-child\" data-id=\"40d14c5\" data-element_type=\"container\">\n\t\t\t\t<div class=\"elementor-element elementor-element-3588786 elementor-widget elementor-widget-text-editor\" data-id=\"3588786\" data-element_type=\"widget\" data-widget_type=\"text-editor.default\">\n\t\t\t\t<div class=\"elementor-widget-container\">\n\t\t\t\t\t\t\t<p>El enfoque sist\u00e9mico ayuda a identificar y a comprender las din\u00e1micas clave dentro de tu organizaci\u00f3n, para resolver y clarificar situaciones complejas, mejorar los equipos y alcanzar tus objetivos estrat\u00e9gicos, que desde el plano consciente, son m\u00e1s dif\u00edciles de resolver, propiciando que a la larga terminen reapareciendo.<\/p>\t\t\t\t\t\t<\/div>\n\t\t\t\t<\/div>\n\t\t\t\t<div class=\"elementor-element elementor-element-9a16caa elementor-align-left elementor-widget elementor-widget-button\" data-id=\"9a16caa\" data-element_type=\"widget\" data-widget_type=\"button.default\">\n\t\t\t\t<div class=\"elementor-widget-container\">\n\t\t\t\t\t\t\t\t<a class=\"elementor-button elementor-button-link elementor-size-sm\" href=\"https:\/\/saioamota.es\/index.php\/consultoria-organizacional\">\n\t\t\t\t\t\t<span class=\"elementor-button-content-wrapper\">\n\t\t\t\t\t\t\t\t\t<span class=\"elementor-button-text\">VER SERVICIOS<\/span>\n\t\t\t\t\t<\/span>\n\t\t\t\t\t<\/a>\n\t\t\t\t\t\t<\/div>\n\t\t\t\t<\/div>\n\t\t\t\t<\/div>\n\t\t\t\t<\/div>\n\t\t\t\t\t<\/div>\n\t\t\t\t<\/div>\n\t\t\t\t<\/div>\n\t\t","protected":false},"excerpt":{"rendered":"<p>Consultora organizacional sist\u00e9mica Trabajo junto a ti para impulsar una transformaci\u00f3n profunda en tu organizaci\u00f3n promoviendo cambios sostenibles que aseguren el logro de tus metas. CONSULTOR\u00cdA Profundizar y explorar para transformar. Comprender din\u00e1micas clave. VER M\u00c1S COACHING En t\u00ed est\u00e1 todo lo que hace falta para caminar hacia la satisfacci\u00f3n profesional. VER M\u00c1S FORMACI\u00d3N Potencia [&hellip;]<\/p>\n","protected":false},"author":1,"featured_media":0,"parent":0,"menu_order":0,"comment_status":"closed","ping_status":"closed","template":"","meta":{"footnotes":""},"class_list":["post-29","page","type-page","status-publish","hentry"],"_links":{"self":[{"href":"https:\/\/saioamota.es\/index.php\/wp-json\/wp\/v2\/pages\/29"}],"collection":[{"href":"https:\/\/saioamota.es\/index.php\/wp-json\/wp\/v2\/pages"}],"about":[{"href":"https:\/\/saioamota.es\/index.php\/wp-json\/wp\/v2\/types\/page"}],"author":[{"embeddable":true,"href":"https:\/\/saioamota.es\/index.php\/wp-json\/wp\/v2\/users\/1"}],"replies":[{"embeddable":true,"href":"https:\/\/saioamota.es\/index.php\/wp-json\/wp\/v2\/comments?post=29"}],"version-history":[{"count":49,"href":"https:\/\/saioamota.es\/index.php\/wp-json\/wp\/v2\/pages\/29\/revisions"}],"predecessor-version":[{"id":264,"href":"https:\/\/saioamota.es\/index.php\/wp-json\/wp\/v2\/pages\/29\/revisions\/264"}],"wp:attachment":[{"href":"https:\/\/saioamota.es\/index.php\/wp-json\/wp\/v2\/media?parent=29"}],"curies":[{"name":"wp","href":"https:\/\/api.w.org\/{rel}","templated":true}]}}