{"id":237,"date":"2024-11-06T16:08:26","date_gmt":"2024-11-06T16:08:26","guid":{"rendered":"https:\/\/saioamota.es\/?page_id=237"},"modified":"2024-11-06T16:09:44","modified_gmt":"2024-11-06T16:09:44","slug":"politica-de-cookies","status":"publish","type":"page","link":"https:\/\/saioamota.es\/index.php\/politica-de-cookies","title":{"rendered":"Pol\u00edtica de Cookies"},"content":{"rendered":"\t\t<div data-elementor-type=\"wp-page\" data-elementor-id=\"237\" class=\"elementor elementor-237\">\n\t\t\t\t<div class=\"elementor-element elementor-element-b916594 e-flex e-con-boxed e-con e-parent\" data-id=\"b916594\" data-element_type=\"container\">\n\t\t\t\t\t<div class=\"e-con-inner\">\n\t\t\t\t<div class=\"elementor-element elementor-element-8f1f636 elementor-widget elementor-widget-heading\" data-id=\"8f1f636\" data-element_type=\"widget\" data-widget_type=\"heading.default\">\n\t\t\t\t<div class=\"elementor-widget-container\">\n\t\t\t<h1 class=\"elementor-heading-title elementor-size-default\">Pol\u00edtica de Cookies<\/h1>\t\t<\/div>\n\t\t\t\t<\/div>\n\t\t\t\t<div class=\"elementor-element elementor-element-a7bfcfe elementor-widget elementor-widget-text-editor\" data-id=\"a7bfcfe\" data-element_type=\"widget\" data-widget_type=\"text-editor.default\">\n\t\t\t\t<div class=\"elementor-widget-container\">\n\t\t\t\t\t\t\t<h3><span class=\"s7\">Introducci\u00f3n<\/span><\/h3>\n<p class=\"s8\"><span class=\"s9\">En saioamota.es (en adelante, \u00abnosotros\u00bb), utilizamos cookies y tecnolog\u00edas similares para mejorar su experiencia en nuestro sitio web saioamota.es&nbsp;(en adelante, \u00abel Sitio\u00bb). Esta Pol\u00edtica de Cookies explica qu\u00e9 son las cookies, c\u00f3mo las utilizamos, qu\u00e9 tipos de cookies utilizamos y c\u00f3mo puede gestionarlas.<\/span><\/p>\n<h3><span class=\"s7\">\u00bfQu\u00e9 son las Cookies?<\/span><\/h3>\n<p class=\"s8\"><span class=\"s9\">Las cookies son peque\u00f1os archivos de texto que se almacenan en su dispositivo (ordenador, <\/span><span class=\"s9\">tablet<\/span><span class=\"s9\"> o m\u00f3vil) cuando visita un sitio web. Estas cookies permiten al sitio reconocer su dispositivo y recopilar informaci\u00f3n sobre sus preferencias y acciones.<\/span><\/p>\n<h3><span class=\"s7\">\u00bfPara qu\u00e9 Utilizamos las Cookies?<\/span><\/h3>\n<p class=\"s8\"><span class=\"s9\">Utilizamos cookies para diversas finalidades, entre las que se incluyen:<\/span><\/p>\n<div class=\"s12\"><span class=\"s10\">\u2022 <\/span><span class=\"s11\">Funcionalidad:<\/span><span class=\"s9\"> Para garantizar el correcto funcionamiento del Sitio y mejorar su usabilidad.<\/span><\/div>\n<div class=\"s12\"><span class=\"s10\">\u2022 <\/span><span class=\"s11\">An\u00e1lisis:<\/span><span class=\"s9\"> Para analizar c\u00f3mo los usuarios interact\u00faan con el Sitio, lo que nos ayuda a mejorar nuestros servicios y contenidos.<\/span><\/div>\n<div class=\"s12\"><span class=\"s10\">\u2022 <\/span><span class=\"s11\">Publicidad:<\/span><span class=\"s9\"> Para personalizar la publicidad que se le muestra y medir su efectividad.<\/span><\/div>\n<h3><span class=\"s7\">Tipos de Cookies que Utilizamos<\/span><\/h3>\n<div class=\"s12\">1. <span class=\"s11\">Cookies T\u00e9cnicas:<\/span><span class=\"s9\"> Son necesarias para el funcionamiento del Sitio y permiten la navegaci\u00f3n y el uso de las diferentes opciones o servicios.<\/span><\/div>\n<div class=\"s12\">2. <span class=\"s11\">Cookies de Preferencias:<\/span><span class=\"s9\"> Permiten recordar informaci\u00f3n para que el usuario pueda acceder al servicio con determinadas caracter\u00edsticas que pueden diferenciar su experiencia de la de otros usuarios.<\/span><\/div>\n<div class=\"s12\">3. <span class=\"s11\">Cookies Anal\u00edticas:<\/span><span class=\"s9\"> Nos permiten cuantificar el n\u00famero de usuarios y medir c\u00f3mo interact\u00faan con el Sitio, lo que nos ayuda a mejorar su funcionamiento.<\/span><\/div>\n<div class=\"s12\">4. <span class=\"s11\">Cookies Publicitarias:<\/span><span class=\"s9\"> Se utilizan para gestionar los espacios publicitarios que se han incluido en el Sitio.<\/span><\/div>\n<h3><span class=\"s7\">Gesti\u00f3n de Cookies<\/span><\/h3>\n<p class=\"s8\"><span class=\"s9\">Al acceder al Sitio, se le informar\u00e1 sobre el uso de cookies y se le dar\u00e1 la opci\u00f3n de aceptar o rechazar su uso. Puede gestionar las cookies a trav\u00e9s de la configuraci\u00f3n de su navegador. La mayor\u00eda de los navegadores permiten la gesti\u00f3n de cookies de las siguientes maneras:<\/span><\/p>\n<div class=\"s12\"><span class=\"s10\">\u2022 <\/span><span class=\"s11\">Google Chrome:<\/span><span class=\"s9\"> Instrucciones<\/span><\/div>\n<div class=\"s12\"><span class=\"s10\">\u2022 <\/span><span class=\"s11\">Mozilla Firefox:<\/span> <a href=\"https:\/\/support.mozilla.org\/es\/kb\/Borrar%20cookies\"><span class=\"s15\">Instrucciones<\/span><\/a><\/div>\n<div class=\"s12\"><span class=\"s10\">\u2022 <\/span><span class=\"s11\">Microsoft Edge:<\/span> <a href=\"https:\/\/support.microsoft.com\/es-es\/help\/4468242\/microsoft-edge-borrar-cookies\"><span class=\"s15\">Instrucciones<\/span><\/a><\/div>\n<div class=\"s12\"><span class=\"s10\">\u2022 <\/span><span class=\"s11\">Safari:<\/span> <a href=\"https:\/\/support.apple.com\/es-es\/HT201265\"><span class=\"s15\">Instrucciones<\/span><\/a><\/div>\n<p class=\"s8\"><span class=\"s9\">Si desea revocar su consentimiento al uso de cookies, puede eliminar las cookies ya existentes en su dispositivo y desactivar el uso de cookies en su navegador.<\/span><\/p>\n<h3><span class=\"s7\">Cambios en la Pol\u00edtica de Cookies<\/span><\/h3>\n<p class=\"s8\"><span class=\"s9\">Nos reservamos el derecho a modificar esta Pol\u00edtica de Cookies en cualquier momento. Los cambios se publicar\u00e1n en esta p\u00e1gina, por lo que le recomendamos que la revise peri\u00f3dicamente.<\/span><\/p>\n<h3><span class=\"s7\">Contacto<\/span><\/h3>\n<p class=\"s8\"><span class=\"s9\">Si tiene alguna pregunta o inquietud sobre nuestra Pol\u00edtica de Cookies, puede contactarnos en:<\/span><\/p>\n<div class=\"s12\"><span class=\"s10\">\u2022 <\/span><span class=\"s9\">Correo electr\u00f3nico: info@saioamota.es<\/span><\/div>\t\t\t\t\t\t<\/div>\n\t\t\t\t<\/div>\n\t\t\t\t\t<\/div>\n\t\t\t\t<\/div>\n\t\t\t\t<\/div>\n\t\t","protected":false},"excerpt":{"rendered":"<p>Pol\u00edtica de Cookies Introducci\u00f3n En saioamota.es (en adelante, \u00abnosotros\u00bb), utilizamos cookies y tecnolog\u00edas similares para mejorar su experiencia en nuestro sitio web saioamota.es&nbsp;(en adelante, \u00abel Sitio\u00bb). Esta Pol\u00edtica de Cookies explica qu\u00e9 son las cookies, c\u00f3mo las utilizamos, qu\u00e9 tipos de cookies utilizamos y c\u00f3mo puede gestionarlas. \u00bfQu\u00e9 son las Cookies? Las cookies son peque\u00f1os [&hellip;]<\/p>\n","protected":false},"author":1,"featured_media":0,"parent":0,"menu_order":0,"comment_status":"closed","ping_status":"closed","template":"","meta":{"footnotes":""},"class_list":["post-237","page","type-page","status-publish","hentry"],"_links":{"self":[{"href":"https:\/\/saioamota.es\/index.php\/wp-json\/wp\/v2\/pages\/237"}],"collection":[{"href":"https:\/\/saioamota.es\/index.php\/wp-json\/wp\/v2\/pages"}],"about":[{"href":"https:\/\/saioamota.es\/index.php\/wp-json\/wp\/v2\/types\/page"}],"author":[{"embeddable":true,"href":"https:\/\/saioamota.es\/index.php\/wp-json\/wp\/v2\/users\/1"}],"replies":[{"embeddable":true,"href":"https:\/\/saioamota.es\/index.php\/wp-json\/wp\/v2\/comments?post=237"}],"version-history":[{"count":4,"href":"https:\/\/saioamota.es\/index.php\/wp-json\/wp\/v2\/pages\/237\/revisions"}],"predecessor-version":[{"id":241,"href":"https:\/\/saioamota.es\/index.php\/wp-json\/wp\/v2\/pages\/237\/revisions\/241"}],"wp:attachment":[{"href":"https:\/\/saioamota.es\/index.php\/wp-json\/wp\/v2\/media?parent=237"}],"curies":[{"name":"wp","href":"https:\/\/api.w.org\/{rel}","templated":true}]}}