{"id":227,"date":"2024-11-06T16:02:55","date_gmt":"2024-11-06T16:02:55","guid":{"rendered":"https:\/\/saioamota.es\/?page_id=227"},"modified":"2024-11-06T16:05:22","modified_gmt":"2024-11-06T16:05:22","slug":"aviso-legal","status":"publish","type":"page","link":"https:\/\/saioamota.es\/index.php\/aviso-legal","title":{"rendered":"Aviso Legal"},"content":{"rendered":"\t\t<div data-elementor-type=\"wp-page\" data-elementor-id=\"227\" class=\"elementor elementor-227\">\n\t\t\t\t<div class=\"elementor-element elementor-element-b916594 e-flex e-con-boxed e-con e-parent\" data-id=\"b916594\" data-element_type=\"container\">\n\t\t\t\t\t<div class=\"e-con-inner\">\n\t\t\t\t<div class=\"elementor-element elementor-element-8f1f636 elementor-widget elementor-widget-heading\" data-id=\"8f1f636\" data-element_type=\"widget\" data-widget_type=\"heading.default\">\n\t\t\t\t<div class=\"elementor-widget-container\">\n\t\t\t<h1 class=\"elementor-heading-title elementor-size-default\">Aviso Legal<\/h1>\t\t<\/div>\n\t\t\t\t<\/div>\n\t\t\t\t<div class=\"elementor-element elementor-element-a7bfcfe elementor-widget elementor-widget-text-editor\" data-id=\"a7bfcfe\" data-element_type=\"widget\" data-widget_type=\"text-editor.default\">\n\t\t\t\t<div class=\"elementor-widget-container\">\n\t\t\t\t\t\t\t<h3 class=\"s8\"><span class=\"s7\">Informaci\u00f3n General<\/span><\/h3><p class=\"s8\"><span class=\"s9\">El presente aviso legal regula el uso del sitio web [nombre del sitio] (en adelante, \u00abel Sitio\u00bb), cuyo propietario es [nombre de la entidad o persona], con NIF [n\u00famero] y domicilio en [direcci\u00f3n completa], Espa\u00f1a.<\/span><\/p><h3 class=\"s8\"><span class=\"s7\">Propiedad Intelectual<\/span><\/h3><p class=\"s8\"><span class=\"s9\">Todos los contenidos del Sitio, incluyendo textos, im\u00e1genes, gr\u00e1ficos, logotipos, iconos, software y cualquier otro material, son propiedad de [nombre de la entidad] o de terceros que han autorizado su uso. Queda prohibida la reproducci\u00f3n, distribuci\u00f3n, transformaci\u00f3n o comunicaci\u00f3n p\u00fablica de los mismos sin la autorizaci\u00f3n expresa de su titular.<\/span><\/p><h3 class=\"s8\"><span class=\"s7\">Protecci\u00f3n de Datos<\/span><\/h3><p class=\"s8\"><span class=\"s9\">La utilizaci\u00f3n del Sitio puede implicar la recogida de datos de car\u00e1cter personal. Para m\u00e1s informaci\u00f3n sobre el tratamiento de sus datos, consulte nuestra [Pol\u00edtica de Privacidad].<\/span><\/p><h3><span class=\"s7\">Uso del Sitio<\/span><\/h3><p class=\"s8\"><span class=\"s9\">El usuario se compromete a utilizar el Sitio de conformidad con la ley, la moral, el orden p\u00fablico y lo dispuesto en este aviso legal. Queda prohibido el uso del Sitio con fines il\u00edcitos o que puedan causar perjuicios a [nombre de la entidad] o a terceros.<\/span><\/p><h3 class=\"s8\"><span class=\"s7\">Exoneraci\u00f3n de Responsabilidad<\/span><\/h3><p class=\"s8\"><span class=\"s9\">[Nombre de la entidad] no se responsabiliza de los errores u omisiones en los contenidos del Sitio, ni de los da\u00f1os derivados de la utilizaci\u00f3n de la informaci\u00f3n contenida en el mismo. Asimismo, no se responsabiliza de los enlaces a otros sitios que puedan aparecer en el Sitio.<\/span><\/p><h3><span class=\"s7\">Modificaciones<\/span><\/h3><p class=\"s8\"><span class=\"s9\">[Nombre de la entidad] se reserva el derecho a modificar este aviso legal en cualquier momento, por lo que se recomienda revisarlo peri\u00f3dicamente. Las modificaciones ser\u00e1n efectivas a partir de su publicaci\u00f3n en el Sitio.<\/span><\/p><h3 class=\"s8\"><span class=\"s7\">Legislaci\u00f3n Aplicable<\/span><\/h3><p class=\"s8\"><span class=\"s9\">Este aviso legal se regir\u00e1 e interpretar\u00e1 de acuerdo con la legislaci\u00f3n vigente en Espa\u00f1a. Para la resoluci\u00f3n de cualquier controversia que pudiera derivarse del uso del Sitio, las partes se someten a la jurisdicci\u00f3n de los tribunales de [localidad].<\/span><\/p><h3 class=\"s8\"><span class=\"s7\">Contacto<\/span><\/h3><p class=\"s8\"><span class=\"s9\">Para cualquier consulta relacionada con este aviso legal, puede ponerse en contacto con nosotros a trav\u00e9s de [correo electr\u00f3nico de contacto] o en la direcci\u00f3n mencionada anteriormente.<\/span><\/p>\t\t\t\t\t\t<\/div>\n\t\t\t\t<\/div>\n\t\t\t\t\t<\/div>\n\t\t\t\t<\/div>\n\t\t\t\t<\/div>\n\t\t","protected":false},"excerpt":{"rendered":"<p>Aviso Legal Informaci\u00f3n General El presente aviso legal regula el uso del sitio web [nombre del sitio] (en adelante, \u00abel Sitio\u00bb), cuyo propietario es [nombre de la entidad o persona], con NIF [n\u00famero] y domicilio en [direcci\u00f3n completa], Espa\u00f1a. Propiedad Intelectual Todos los contenidos del Sitio, incluyendo textos, im\u00e1genes, gr\u00e1ficos, logotipos, iconos, software y cualquier [&hellip;]<\/p>\n","protected":false},"author":1,"featured_media":0,"parent":0,"menu_order":0,"comment_status":"closed","ping_status":"closed","template":"","meta":{"footnotes":""},"class_list":["post-227","page","type-page","status-publish","hentry"],"_links":{"self":[{"href":"https:\/\/saioamota.es\/index.php\/wp-json\/wp\/v2\/pages\/227"}],"collection":[{"href":"https:\/\/saioamota.es\/index.php\/wp-json\/wp\/v2\/pages"}],"about":[{"href":"https:\/\/saioamota.es\/index.php\/wp-json\/wp\/v2\/types\/page"}],"author":[{"embeddable":true,"href":"https:\/\/saioamota.es\/index.php\/wp-json\/wp\/v2\/users\/1"}],"replies":[{"embeddable":true,"href":"https:\/\/saioamota.es\/index.php\/wp-json\/wp\/v2\/comments?post=227"}],"version-history":[{"count":4,"href":"https:\/\/saioamota.es\/index.php\/wp-json\/wp\/v2\/pages\/227\/revisions"}],"predecessor-version":[{"id":231,"href":"https:\/\/saioamota.es\/index.php\/wp-json\/wp\/v2\/pages\/227\/revisions\/231"}],"wp:attachment":[{"href":"https:\/\/saioamota.es\/index.php\/wp-json\/wp\/v2\/media?parent=227"}],"curies":[{"name":"wp","href":"https:\/\/api.w.org\/{rel}","templated":true}]}}