{"id":142,"date":"2024-10-31T11:35:49","date_gmt":"2024-10-31T11:35:49","guid":{"rendered":"https:\/\/saioamota.es\/?page_id=142"},"modified":"2024-11-05T13:44:11","modified_gmt":"2024-11-05T13:44:11","slug":"formacion","status":"publish","type":"page","link":"https:\/\/saioamota.es\/index.php\/formacion","title":{"rendered":"Formaci\u00f3n"},"content":{"rendered":"\t\t<div data-elementor-type=\"wp-page\" data-elementor-id=\"142\" class=\"elementor elementor-142\">\n\t\t\t\t<div class=\"elementor-element elementor-element-3bcecd7 e-flex e-con-boxed e-con e-parent\" data-id=\"3bcecd7\" data-element_type=\"container\" data-settings=\"{&quot;background_background&quot;:&quot;classic&quot;}\">\n\t\t\t\t\t<div class=\"e-con-inner\">\n\t\t<div class=\"elementor-element elementor-element-1814694 e-con-full e-flex e-con e-child\" data-id=\"1814694\" data-element_type=\"container\">\n\t\t\t\t<div class=\"elementor-element elementor-element-16ac18a elementor-widget elementor-widget-heading\" data-id=\"16ac18a\" data-element_type=\"widget\" data-widget_type=\"heading.default\">\n\t\t\t\t<div class=\"elementor-widget-container\">\n\t\t\t<h1 class=\"elementor-heading-title elementor-size-default\"><b>FORMACIONES<\/b><\/h1>\t\t<\/div>\n\t\t\t\t<\/div>\n\t\t\t\t<div class=\"elementor-element elementor-element-493e6d3 elementor-widget elementor-widget-heading\" data-id=\"493e6d3\" data-element_type=\"widget\" data-widget_type=\"heading.default\">\n\t\t\t\t<div class=\"elementor-widget-container\">\n\t\t\t<h2 class=\"elementor-heading-title elementor-size-default\">Las formaciones est\u00e1n dirigidas a transformar la eficiencia, eficacia y profesionalidad de los equipos.<\/h2>\t\t<\/div>\n\t\t\t\t<\/div>\n\t\t\t\t<\/div>\n\t\t<div class=\"elementor-element elementor-element-f0b5292 e-con-full elementor-hidden-mobile e-flex e-con e-child\" data-id=\"f0b5292\" data-element_type=\"container\">\n\t\t\t\t<\/div>\n\t\t\t\t\t<\/div>\n\t\t\t\t<\/div>\n\t\t<div class=\"elementor-element elementor-element-f8d2b1e e-flex e-con-boxed e-con e-parent\" data-id=\"f8d2b1e\" data-element_type=\"container\">\n\t\t\t\t\t<div class=\"e-con-inner\">\n\t\t<div class=\"elementor-element elementor-element-05021f2 e-con-full e-flex e-con e-child\" data-id=\"05021f2\" data-element_type=\"container\">\n\t\t\t\t<div class=\"elementor-element elementor-element-e4e83b5 elementor-widget elementor-widget-text-editor\" data-id=\"e4e83b5\" data-element_type=\"widget\" data-widget_type=\"text-editor.default\">\n\t\t\t\t<div class=\"elementor-widget-container\">\n\t\t\t\t\t\t\t<p>BENEFICIOS DE LAS <strong>FORMACIONES<\/strong><\/p>\t\t\t\t\t\t<\/div>\n\t\t\t\t<\/div>\n\t\t<div class=\"elementor-element elementor-element-d73c4e2 e-con-full e-grid e-con e-child\" data-id=\"d73c4e2\" data-element_type=\"container\">\n\t\t<div class=\"elementor-element elementor-element-5602621 e-con-full e-flex e-con e-child\" data-id=\"5602621\" data-element_type=\"container\">\n\t\t\t\t<div class=\"elementor-element elementor-element-db926c5 elementor-widget elementor-widget-heading\" data-id=\"db926c5\" data-element_type=\"widget\" data-widget_type=\"heading.default\">\n\t\t\t\t<div class=\"elementor-widget-container\">\n\t\t\t<h4 class=\"elementor-heading-title elementor-size-default\">Un equipo m\u00e1s preparado.<\/h4>\t\t<\/div>\n\t\t\t\t<\/div>\n\t\t\t\t<\/div>\n\t\t<div class=\"elementor-element elementor-element-ce33d4c e-con-full e-flex e-con e-child\" data-id=\"ce33d4c\" data-element_type=\"container\">\n\t\t\t\t<div class=\"elementor-element elementor-element-73bdc20 elementor-widget elementor-widget-heading\" data-id=\"73bdc20\" data-element_type=\"widget\" data-widget_type=\"heading.default\">\n\t\t\t\t<div class=\"elementor-widget-container\">\n\t\t\t<h4 class=\"elementor-heading-title elementor-size-default\">Mejorar el servicio.<\/h4>\t\t<\/div>\n\t\t\t\t<\/div>\n\t\t\t\t<\/div>\n\t\t<div class=\"elementor-element elementor-element-a76a12d e-con-full e-flex e-con e-child\" data-id=\"a76a12d\" data-element_type=\"container\">\n\t\t\t\t<div class=\"elementor-element elementor-element-f1f681d elementor-widget elementor-widget-heading\" data-id=\"f1f681d\" data-element_type=\"widget\" data-widget_type=\"heading.default\">\n\t\t\t\t<div class=\"elementor-widget-container\">\n\t\t\t<h4 class=\"elementor-heading-title elementor-size-default\">Minimizar posibles riesgos dentro de los equipos y con las personas usuarias de los servicios.<\/h4>\t\t<\/div>\n\t\t\t\t<\/div>\n\t\t\t\t<\/div>\n\t\t\t\t<\/div>\n\t\t\t\t<\/div>\n\t\t\t\t\t<\/div>\n\t\t\t\t<\/div>\n\t\t<div class=\"elementor-element elementor-element-e402efe e-flex e-con-boxed e-con e-parent\" data-id=\"e402efe\" data-element_type=\"container\">\n\t\t\t\t\t<div class=\"e-con-inner\">\n\t\t<div class=\"elementor-element elementor-element-f031aa3 e-con-full e-flex e-con e-child\" data-id=\"f031aa3\" data-element_type=\"container\">\n\t\t\t\t<div class=\"elementor-element elementor-element-392d905 elementor-widget elementor-widget-text-editor\" data-id=\"392d905\" data-element_type=\"widget\" data-widget_type=\"text-editor.default\">\n\t\t\t\t<div class=\"elementor-widget-container\">\n\t\t\t\t\t\t\t<p><strong>FORMACIONES<\/strong><\/p>\t\t\t\t\t\t<\/div>\n\t\t\t\t<\/div>\n\t\t<div class=\"elementor-element elementor-element-fb65a93 e-con-full e-flex e-con e-child\" data-id=\"fb65a93\" data-element_type=\"container\">\n\t\t<div class=\"elementor-element elementor-element-69df8ad e-con-full e-flex e-con e-child\" data-id=\"69df8ad\" data-element_type=\"container\">\n\t\t\t\t<div class=\"elementor-element elementor-element-ddf30e5 elementor-widget elementor-widget-image\" data-id=\"ddf30e5\" data-element_type=\"widget\" data-widget_type=\"image.default\">\n\t\t\t\t<div class=\"elementor-widget-container\">\n\t\t\t\t\t\t\t\t\t\t\t\t\t<img fetchpriority=\"high\" decoding=\"async\" width=\"800\" height=\"534\" src=\"https:\/\/saioamota.es\/wp-content\/uploads\/2024\/11\/saioa-mota-formacion-1.jpg\" class=\"attachment-large size-large wp-image-209\" alt=\"\" srcset=\"https:\/\/saioamota.es\/wp-content\/uploads\/2024\/11\/saioa-mota-formacion-1.jpg 924w, https:\/\/saioamota.es\/wp-content\/uploads\/2024\/11\/saioa-mota-formacion-1-300x200.jpg 300w, https:\/\/saioamota.es\/wp-content\/uploads\/2024\/11\/saioa-mota-formacion-1-768x513.jpg 768w\" sizes=\"(max-width: 800px) 100vw, 800px\" \/>\t\t\t\t\t\t\t\t\t\t\t\t\t<\/div>\n\t\t\t\t<\/div>\n\t\t\t\t<div class=\"elementor-element elementor-element-9136ede elementor-widget elementor-widget-heading\" data-id=\"9136ede\" data-element_type=\"widget\" data-widget_type=\"heading.default\">\n\t\t\t\t<div class=\"elementor-widget-container\">\n\t\t\t<h3 class=\"elementor-heading-title elementor-size-default\">COUNSELLING Y RELACI\u00d3N DE AYUDA EN EL ACOMPA\u00d1AMIENTO A PERSONAS<\/h3>\t\t<\/div>\n\t\t\t\t<\/div>\n\t\t\t\t<div class=\"elementor-element elementor-element-f73fd4c elementor-widget elementor-widget-text-editor\" data-id=\"f73fd4c\" data-element_type=\"widget\" data-widget_type=\"text-editor.default\">\n\t\t\t\t<div class=\"elementor-widget-container\">\n\t\t\t\t\t\t\t<p>En un mundo cada vez m\u00e1s complejo, las habilidades de counselling y la capacidad de establecer relaciones de ayuda son fundamentales para los profesionales. Est\u00e1 dise\u00f1ada espec\u00edficamente para equipos de intervenci\u00f3n que deseen potenciar su eficacia en el acompa\u00f1amiento a personas en situaci\u00f3n de vulnerabilidad.<\/p><p>Solicitar esta formaci\u00f3n en counselling y relaci\u00f3n de ayuda es una inversi\u00f3n clave para el desarrollo profesional de tus equipos de intervenci\u00f3n.<\/p>\t\t\t\t\t\t<\/div>\n\t\t\t\t<\/div>\n\t\t\t\t<div class=\"elementor-element elementor-element-ec045d7 elementor-widget elementor-widget-n-accordion\" data-id=\"ec045d7\" data-element_type=\"widget\" data-settings=\"{&quot;default_state&quot;:&quot;all_collapsed&quot;,&quot;max_items_expended&quot;:&quot;multiple&quot;,&quot;n_accordion_animation_duration&quot;:{&quot;unit&quot;:&quot;ms&quot;,&quot;size&quot;:400,&quot;sizes&quot;:[]}}\" data-widget_type=\"nested-accordion.default\">\n\t\t\t\t<div class=\"elementor-widget-container\">\n\t\t\t\t\t<div class=\"e-n-accordion\" aria-label=\"Accordion. Open links with Enter or Space, close with Escape, and navigate with Arrow Keys\">\n\t\t\t\t\t\t<details id=\"e-n-accordion-item-2470\" class=\"e-n-accordion-item\" >\n\t\t\t\t<summary class=\"e-n-accordion-item-title\" data-accordion-index=\"1\" tabindex=\"0\" aria-expanded=\"false\" aria-controls=\"e-n-accordion-item-2470\" >\n\t\t\t\t\t<span class='e-n-accordion-item-title-header'><div class=\"e-n-accordion-item-title-text\"> \u00bfQu\u00e9 aprenderemos? <\/div><\/span>\n\t\t\t\t\t\t\t<span class='e-n-accordion-item-title-icon'>\n\t\t\t<span class='e-opened' ><i aria-hidden=\"true\" class=\"fas fa-minus\"><\/i><\/span>\n\t\t\t<span class='e-closed'><i aria-hidden=\"true\" class=\"fas fa-plus\"><\/i><\/span>\n\t\t<\/span>\n\n\t\t\t\t\t\t<\/summary>\n\t\t\t\t<div role=\"region\" aria-labelledby=\"e-n-accordion-item-2470\" class=\"elementor-element elementor-element-51262ba e-con-full e-flex e-con e-child\" data-id=\"51262ba\" data-element_type=\"container\">\n\t\t\t\t<div class=\"elementor-element elementor-element-bbb6c13 elementor-widget elementor-widget-text-editor\" data-id=\"bbb6c13\" data-element_type=\"widget\" data-widget_type=\"text-editor.default\">\n\t\t\t\t<div class=\"elementor-widget-container\">\n\t\t\t\t\t\t\t<ul><li><strong>Desarrollar habilidades de escucha activa:<\/strong> Aprender a escuchar con empat\u00eda y a entender las necesidades emocionales de los beneficiarios.<\/li><li><strong>Fomentar la comunicaci\u00f3n efectiva:<\/strong> Adquirir t\u00e9cnicas para establecer un di\u00e1logo constructivo que favorezca la confianza y la apertura.<\/li><li><strong>Fortalecer la relaci\u00f3n de ayuda:<\/strong> Comprender los principios de la relaci\u00f3n de ayuda y c\u00f3mo aplicarlos en contextos sociales.<\/li><li><strong>Herramientas pr\u00e1cticas:<\/strong> Proporcionar estrategias y herramientas concretas que los participantes podr\u00e1n aplicar en su d\u00eda a d\u00eda.<\/li><\/ul>\t\t\t\t\t\t<\/div>\n\t\t\t\t<\/div>\n\t\t\t\t<\/div>\n\t\t\t\t\t<\/details>\n\t\t\t\t\t\t<details id=\"e-n-accordion-item-2471\" class=\"e-n-accordion-item\" >\n\t\t\t\t<summary class=\"e-n-accordion-item-title\" data-accordion-index=\"2\" tabindex=\"-1\" aria-expanded=\"false\" aria-controls=\"e-n-accordion-item-2471\" >\n\t\t\t\t\t<span class='e-n-accordion-item-title-header'><div class=\"e-n-accordion-item-title-text\"> \u00bfQu\u00e9 beneficios aporta a los equipos? <\/div><\/span>\n\t\t\t\t\t\t\t<span class='e-n-accordion-item-title-icon'>\n\t\t\t<span class='e-opened' ><i aria-hidden=\"true\" class=\"fas fa-minus\"><\/i><\/span>\n\t\t\t<span class='e-closed'><i aria-hidden=\"true\" class=\"fas fa-plus\"><\/i><\/span>\n\t\t<\/span>\n\n\t\t\t\t\t\t<\/summary>\n\t\t\t\t<div role=\"region\" aria-labelledby=\"e-n-accordion-item-2471\" class=\"elementor-element elementor-element-9a3f06f e-flex e-con-boxed e-con e-child\" data-id=\"9a3f06f\" data-element_type=\"container\">\n\t\t\t\t\t<div class=\"e-con-inner\">\n\t\t\t\t<div class=\"elementor-element elementor-element-0320d84 elementor-widget elementor-widget-text-editor\" data-id=\"0320d84\" data-element_type=\"widget\" data-widget_type=\"text-editor.default\">\n\t\t\t\t<div class=\"elementor-widget-container\">\n\t\t\t\t\t\t\t<p><strong>Mejora en la Atenci\u00f3n al Usuario:<\/strong> Equipos capacitados en t\u00e9cnicas de counselling pueden ofrecer un apoyo m\u00e1s efectivo, adapt\u00e1ndose a las necesidades emocionales de las personas a las que sirven.<\/p><p><strong>Fortalecimiento de la Empat\u00eda:<\/strong> La formaci\u00f3n proporciona herramientas para fomentar una comunicaci\u00f3n m\u00e1s emp\u00e1tica y comprensiva, lo que a su vez mejora la relaci\u00f3n de ayuda y la confianza entre profesionales y beneficiarios.<\/p><p><strong>Resoluci\u00f3n de Conflictos:<\/strong> Aprender\u00e1s a manejar situaciones dif\u00edciles y a resolver conflictos de manera m\u00e1s efectiva.<\/p><p><strong>Mayor Cohesi\u00f3n del Equipo:<\/strong> La formaci\u00f3n promueve un ambiente de colaboraci\u00f3n y reflexi\u00f3n, lo que fortalece la cohesi\u00f3n y el trabajo en equipo, creando un espacio m\u00e1s armonioso y productivo.<\/p><p><strong>Prevenci\u00f3n del Burnout:<\/strong> Equipar a tus equipos con habilidades de autocuidado y manejo emocional puede ayudar a prevenir el burnout y mejorar el bienestar general del personal.<\/p><p><strong>Impacto Positivo en la Comunidad:<\/strong> Equipos mejor preparados pueden generar un cambio significativo en la vida de las personas, contribuyendo al bienestar y desarrollo de la comunidad en su conjunto.<\/p>\t\t\t\t\t\t<\/div>\n\t\t\t\t<\/div>\n\t\t\t\t\t<\/div>\n\t\t\t\t<\/div>\n\t\t\t\t\t<\/details>\n\t\t\t\t\t<\/div>\n\t\t\t\t<\/div>\n\t\t\t\t<\/div>\n\t\t\t\t<div class=\"elementor-element elementor-element-9d3b21b elementor-widget elementor-widget-button\" data-id=\"9d3b21b\" data-element_type=\"widget\" data-widget_type=\"button.default\">\n\t\t\t\t<div class=\"elementor-widget-container\">\n\t\t\t\t\t\t\t\t<a class=\"elementor-button elementor-button-link elementor-size-sm\" href=\"https:\/\/saioamota.es\/index.php\/contacto\">\n\t\t\t\t\t\t<span class=\"elementor-button-content-wrapper\">\n\t\t\t\t\t\t\t\t\t<span class=\"elementor-button-text\">M\u00c1S INFOMACI\u00d3N<\/span>\n\t\t\t\t\t<\/span>\n\t\t\t\t\t<\/a>\n\t\t\t\t\t\t<\/div>\n\t\t\t\t<\/div>\n\t\t\t\t<\/div>\n\t\t<div class=\"elementor-element elementor-element-963e27a e-con-full e-flex e-con e-child\" data-id=\"963e27a\" data-element_type=\"container\">\n\t\t\t\t<div class=\"elementor-element elementor-element-0544174 elementor-widget elementor-widget-image\" data-id=\"0544174\" data-element_type=\"widget\" data-widget_type=\"image.default\">\n\t\t\t\t<div class=\"elementor-widget-container\">\n\t\t\t\t\t\t\t\t\t\t\t\t\t<img decoding=\"async\" width=\"800\" height=\"533\" src=\"https:\/\/saioamota.es\/wp-content\/uploads\/2024\/10\/mirada-social.jpg\" class=\"attachment-large size-large wp-image-145\" alt=\"\" srcset=\"https:\/\/saioamota.es\/wp-content\/uploads\/2024\/10\/mirada-social.jpg 800w, https:\/\/saioamota.es\/wp-content\/uploads\/2024\/10\/mirada-social-300x200.jpg 300w, https:\/\/saioamota.es\/wp-content\/uploads\/2024\/10\/mirada-social-768x512.jpg 768w\" sizes=\"(max-width: 800px) 100vw, 800px\" \/>\t\t\t\t\t\t\t\t\t\t\t\t\t<\/div>\n\t\t\t\t<\/div>\n\t\t\t\t<div class=\"elementor-element elementor-element-6fb36ff elementor-widget elementor-widget-heading\" data-id=\"6fb36ff\" data-element_type=\"widget\" data-widget_type=\"heading.default\">\n\t\t\t\t<div class=\"elementor-widget-container\">\n\t\t\t<h3 class=\"elementor-heading-title elementor-size-default\">HACIA UN CAMBIO DE MODELO EN EL ACOMPA\u00d1AMIENTO: LA MIRADA SIST\u00c9MICA EN LA ACCI\u00d3N SOCIAL.<\/h3>\t\t<\/div>\n\t\t\t\t<\/div>\n\t\t\t\t<div class=\"elementor-element elementor-element-51c4be7 elementor-widget elementor-widget-text-editor\" data-id=\"51c4be7\" data-element_type=\"widget\" data-widget_type=\"text-editor.default\">\n\t\t\t\t<div class=\"elementor-widget-container\">\n\t\t\t\t\t\t\t<p>En un mundo cada vez m\u00e1s interconectado, la acci\u00f3n social necesita evolucionar hacia modelos que comprendan la complejidad de los contextos en los que operamos. La formaci\u00f3n \u00abHacia un Cambio de Modelo en el Acompa\u00f1amiento: La Mirada Sist\u00e9mica en la Acci\u00f3n Social\u00bb propone un enfoque innovador que integra la perspectiva sist\u00e9mica en el acompa\u00f1amiento de individuos y comunidades. Este curso est\u00e1 dise\u00f1ado para profesionales que buscan herramientas efectivas y estrategias transformadoras para su trabajo diario.<\/p>\t\t\t\t\t\t<\/div>\n\t\t\t\t<\/div>\n\t\t\t\t<div class=\"elementor-element elementor-element-07d9d47 elementor-widget elementor-widget-n-accordion\" data-id=\"07d9d47\" data-element_type=\"widget\" data-settings=\"{&quot;default_state&quot;:&quot;all_collapsed&quot;,&quot;max_items_expended&quot;:&quot;multiple&quot;,&quot;n_accordion_animation_duration&quot;:{&quot;unit&quot;:&quot;ms&quot;,&quot;size&quot;:400,&quot;sizes&quot;:[]}}\" data-widget_type=\"nested-accordion.default\">\n\t\t\t\t<div class=\"elementor-widget-container\">\n\t\t\t\t\t<div class=\"e-n-accordion\" aria-label=\"Accordion. Open links with Enter or Space, close with Escape, and navigate with Arrow Keys\">\n\t\t\t\t\t\t<details id=\"e-n-accordion-item-8230\" class=\"e-n-accordion-item\" >\n\t\t\t\t<summary class=\"e-n-accordion-item-title\" data-accordion-index=\"1\" tabindex=\"0\" aria-expanded=\"false\" aria-controls=\"e-n-accordion-item-8230\" >\n\t\t\t\t\t<span class='e-n-accordion-item-title-header'><div class=\"e-n-accordion-item-title-text\"> \u00bfQu\u00e9 aprenderemos? <\/div><\/span>\n\t\t\t\t\t\t\t<span class='e-n-accordion-item-title-icon'>\n\t\t\t<span class='e-opened' ><i aria-hidden=\"true\" class=\"fas fa-minus\"><\/i><\/span>\n\t\t\t<span class='e-closed'><i aria-hidden=\"true\" class=\"fas fa-plus\"><\/i><\/span>\n\t\t<\/span>\n\n\t\t\t\t\t\t<\/summary>\n\t\t\t\t<div role=\"region\" aria-labelledby=\"e-n-accordion-item-8230\" class=\"elementor-element elementor-element-62fd506 e-con-full e-flex e-con e-child\" data-id=\"62fd506\" data-element_type=\"container\">\n\t\t\t\t<div class=\"elementor-element elementor-element-fcccb33 elementor-widget elementor-widget-text-editor\" data-id=\"fcccb33\" data-element_type=\"widget\" data-widget_type=\"text-editor.default\">\n\t\t\t\t<div class=\"elementor-widget-container\">\n\t\t\t\t\t\t\t<ul><li><strong>Fundamentos de la Teor\u00eda Sist\u00e9mica:<\/strong> Comprender c\u00f3mo los sistemas influyen en el comportamiento humano y las din\u00e1micas sociales.<\/li><li><strong>Herramientas de Evaluaci\u00f3n:<\/strong> Aprender a identificar y analizar las interacciones dentro de un sistema para abordar las necesidades de manera integral.<\/li><li><strong>Estrategias de Intervenci\u00f3n:<\/strong> Desarrollar t\u00e9cnicas de acompa\u00f1amiento que consideren las m\u00faltiples dimensiones de la realidad social, promoviendo un cambio duradero.<\/li><li><strong>Comprender la necesidad de la mirada sist\u00e9mica en la intervenci\u00f3n.<\/strong> Pasar de modelos centrados en el problema y\/o en la persona, a un modelo integrador y sist\u00e9mico.<\/li><\/ul>\t\t\t\t\t\t<\/div>\n\t\t\t\t<\/div>\n\t\t\t\t<\/div>\n\t\t\t\t\t<\/details>\n\t\t\t\t\t\t<details id=\"e-n-accordion-item-8231\" class=\"e-n-accordion-item\" >\n\t\t\t\t<summary class=\"e-n-accordion-item-title\" data-accordion-index=\"2\" tabindex=\"-1\" aria-expanded=\"false\" aria-controls=\"e-n-accordion-item-8231\" >\n\t\t\t\t\t<span class='e-n-accordion-item-title-header'><div class=\"e-n-accordion-item-title-text\"> \u00bfQu\u00e9 beneficios aporta a los equipos? <\/div><\/span>\n\t\t\t\t\t\t\t<span class='e-n-accordion-item-title-icon'>\n\t\t\t<span class='e-opened' ><i aria-hidden=\"true\" class=\"fas fa-minus\"><\/i><\/span>\n\t\t\t<span class='e-closed'><i aria-hidden=\"true\" class=\"fas fa-plus\"><\/i><\/span>\n\t\t<\/span>\n\n\t\t\t\t\t\t<\/summary>\n\t\t\t\t<div role=\"region\" aria-labelledby=\"e-n-accordion-item-8231\" class=\"elementor-element elementor-element-4d53f1a e-flex e-con-boxed e-con e-child\" data-id=\"4d53f1a\" data-element_type=\"container\">\n\t\t\t\t\t<div class=\"e-con-inner\">\n\t\t\t\t<div class=\"elementor-element elementor-element-8af42e7 elementor-widget elementor-widget-text-editor\" data-id=\"8af42e7\" data-element_type=\"widget\" data-widget_type=\"text-editor.default\">\n\t\t\t\t<div class=\"elementor-widget-container\">\n\t\t\t\t\t\t\t<p>Implementar la mirada sist\u00e9mica en la acci\u00f3n social ofrece m\u00faltiples ventajas:<\/p><ul><li><strong>Impacto Sostenible:<\/strong> Al centrarse en las causas subyacentes de los problemas, se generan cambios m\u00e1s duraderos en la vida de las personas, lo que fortalece la misi\u00f3n y los resultados de la entidad a largo plazo.<\/li><li><strong>Enfoque Integral:<\/strong> Permite abordar problem\u00e1ticas complejas desde m\u00faltiples \u00e1ngulos, asegurando que se consideren todas las variables.<\/li><li><strong>Mejora en la Toma de Decisiones:<\/strong> Facilita una mejor comprensi\u00f3n de los contextos, lo que conduce a decisiones m\u00e1s informadas y efectivas.<\/li><li><strong>Fortalecimiento de la Colaboraci\u00f3n:<\/strong> Fomenta el trabajo conjunto entre equipos y comunidades, generando sinergias que potencian los resultados.<\/li><li><strong>Desarrollo Profesional:<\/strong> Los participantes adquieren nuevas habilidades que los preparan para enfrentar los desaf\u00edos actuales del \u00e1mbito social.<\/li><\/ul><ul><li><strong>Eficiencia en la Intervenci\u00f3n:<\/strong> Al entender mejor las din\u00e1micas y relaciones en juego, las entidades pueden dise\u00f1ar programas m\u00e1s efectivos, optimizando recursos y tiempo.<\/li><\/ul>\t\t\t\t\t\t<\/div>\n\t\t\t\t<\/div>\n\t\t\t\t\t<\/div>\n\t\t\t\t<\/div>\n\t\t\t\t\t<\/details>\n\t\t\t\t\t<\/div>\n\t\t\t\t<\/div>\n\t\t\t\t<\/div>\n\t\t\t\t<div class=\"elementor-element elementor-element-77ec658 elementor-widget elementor-widget-button\" data-id=\"77ec658\" data-element_type=\"widget\" data-widget_type=\"button.default\">\n\t\t\t\t<div class=\"elementor-widget-container\">\n\t\t\t\t\t\t\t\t<a class=\"elementor-button elementor-button-link elementor-size-sm\" href=\"https:\/\/saioamota.es\/index.php\/contacto\">\n\t\t\t\t\t\t<span class=\"elementor-button-content-wrapper\">\n\t\t\t\t\t\t\t\t\t<span class=\"elementor-button-text\">M\u00c1S INFOMACI\u00d3N<\/span>\n\t\t\t\t\t<\/span>\n\t\t\t\t\t<\/a>\n\t\t\t\t\t\t<\/div>\n\t\t\t\t<\/div>\n\t\t\t\t<\/div>\n\t\t\t\t<\/div>\n\t\t\t\t<\/div>\n\t\t\t\t\t<\/div>\n\t\t\t\t<\/div>\n\t\t\t\t<\/div>\n\t\t","protected":false},"excerpt":{"rendered":"<p>FORMACIONES Las formaciones est\u00e1n dirigidas a transformar la eficiencia, eficacia y profesionalidad de los equipos. BENEFICIOS DE LAS FORMACIONES Un equipo m\u00e1s preparado. Mejorar el servicio. Minimizar posibles riesgos dentro de los equipos y con las personas usuarias de los servicios. FORMACIONES COUNSELLING Y RELACI\u00d3N DE AYUDA EN EL ACOMPA\u00d1AMIENTO A PERSONAS En un mundo [&hellip;]<\/p>\n","protected":false},"author":1,"featured_media":0,"parent":0,"menu_order":0,"comment_status":"closed","ping_status":"closed","template":"","meta":{"footnotes":""},"class_list":["post-142","page","type-page","status-publish","hentry"],"_links":{"self":[{"href":"https:\/\/saioamota.es\/index.php\/wp-json\/wp\/v2\/pages\/142"}],"collection":[{"href":"https:\/\/saioamota.es\/index.php\/wp-json\/wp\/v2\/pages"}],"about":[{"href":"https:\/\/saioamota.es\/index.php\/wp-json\/wp\/v2\/types\/page"}],"author":[{"embeddable":true,"href":"https:\/\/saioamota.es\/index.php\/wp-json\/wp\/v2\/users\/1"}],"replies":[{"embeddable":true,"href":"https:\/\/saioamota.es\/index.php\/wp-json\/wp\/v2\/comments?post=142"}],"version-history":[{"count":16,"href":"https:\/\/saioamota.es\/index.php\/wp-json\/wp\/v2\/pages\/142\/revisions"}],"predecessor-version":[{"id":223,"href":"https:\/\/saioamota.es\/index.php\/wp-json\/wp\/v2\/pages\/142\/revisions\/223"}],"wp:attachment":[{"href":"https:\/\/saioamota.es\/index.php\/wp-json\/wp\/v2\/media?parent=142"}],"curies":[{"name":"wp","href":"https:\/\/api.w.org\/{rel}","templated":true}]}}