{"id":119,"date":"2024-10-31T11:06:49","date_gmt":"2024-10-31T11:06:49","guid":{"rendered":"https:\/\/saioamota.es\/?page_id=119"},"modified":"2024-10-31T11:49:15","modified_gmt":"2024-10-31T11:49:15","slug":"configuraciones-organizacionales","status":"publish","type":"page","link":"https:\/\/saioamota.es\/index.php\/configuraciones-organizacionales","title":{"rendered":"Configuraciones Organizacionales"},"content":{"rendered":"\t\t<div data-elementor-type=\"wp-page\" data-elementor-id=\"119\" class=\"elementor elementor-119\">\n\t\t\t\t<div class=\"elementor-element elementor-element-3bcecd7 e-flex e-con-boxed e-con e-parent\" data-id=\"3bcecd7\" data-element_type=\"container\" data-settings=\"{&quot;background_background&quot;:&quot;classic&quot;}\">\n\t\t\t\t\t<div class=\"e-con-inner\">\n\t\t<div class=\"elementor-element elementor-element-1814694 e-con-full e-flex e-con e-child\" data-id=\"1814694\" data-element_type=\"container\">\n\t\t\t\t<div class=\"elementor-element elementor-element-16ac18a elementor-widget elementor-widget-heading\" data-id=\"16ac18a\" data-element_type=\"widget\" data-widget_type=\"heading.default\">\n\t\t\t\t<div class=\"elementor-widget-container\">\n\t\t\t<h1 class=\"elementor-heading-title elementor-size-default\"><b>CONFIGURACIONES ORGANIZACIONALES<\/b><\/h1>\t\t<\/div>\n\t\t\t\t<\/div>\n\t\t\t\t<div class=\"elementor-element elementor-element-493e6d3 elementor-widget elementor-widget-heading\" data-id=\"493e6d3\" data-element_type=\"widget\" data-widget_type=\"heading.default\">\n\t\t\t\t<div class=\"elementor-widget-container\">\n\t\t\t<h2 class=\"elementor-heading-title elementor-size-default\">Descubre tu verdadero camino, reencu\u00e9ntrate con tu prop\u00f3sito y transf\u00f3rmalo en abundancia.<\/h2>\t\t<\/div>\n\t\t\t\t<\/div>\n\t\t\t\t<div class=\"elementor-element elementor-element-1d6e9fc elementor-widget elementor-widget-text-editor\" data-id=\"1d6e9fc\" data-element_type=\"widget\" data-widget_type=\"text-editor.default\">\n\t\t\t\t<div class=\"elementor-widget-container\">\n\t\t\t\t\t\t\t<p>Explora y libera los patrones que limitan tu \u00e9xito, y crear una vida profesional, vocacional y financiera plena.<\/p>\t\t\t\t\t\t<\/div>\n\t\t\t\t<\/div>\n\t\t\t\t<\/div>\n\t\t<div class=\"elementor-element elementor-element-f0b5292 e-con-full elementor-hidden-mobile e-flex e-con e-child\" data-id=\"f0b5292\" data-element_type=\"container\">\n\t\t\t\t<\/div>\n\t\t\t\t\t<\/div>\n\t\t\t\t<\/div>\n\t\t<div class=\"elementor-element elementor-element-2abea4e e-flex e-con-boxed e-con e-parent\" data-id=\"2abea4e\" data-element_type=\"container\">\n\t\t\t\t\t<div class=\"e-con-inner\">\n\t\t<div class=\"elementor-element elementor-element-8988c26 e-con-full e-flex e-con e-child\" data-id=\"8988c26\" data-element_type=\"container\">\n\t\t<div class=\"elementor-element elementor-element-3b2b639 e-con-full e-flex e-con e-child\" data-id=\"3b2b639\" data-element_type=\"container\">\n\t\t\t\t<div class=\"elementor-element elementor-element-7c41305 elementor-widget elementor-widget-text-editor\" data-id=\"7c41305\" data-element_type=\"widget\" data-widget_type=\"text-editor.default\">\n\t\t\t\t<div class=\"elementor-widget-container\">\n\t\t\t\t\t\t\t<p>SESIONES DE<b> CONFIGURACIONES ORGANIZACIONALES<\/b><\/p>\t\t\t\t\t\t<\/div>\n\t\t\t\t<\/div>\n\t\t\t\t<div class=\"elementor-element elementor-element-57aa669 elementor-widget elementor-widget-image\" data-id=\"57aa669\" data-element_type=\"widget\" data-widget_type=\"image.default\">\n\t\t\t\t<div class=\"elementor-widget-container\">\n\t\t\t\t\t\t\t\t\t\t\t\t\t<img fetchpriority=\"high\" decoding=\"async\" width=\"587\" height=\"341\" src=\"https:\/\/saioamota.es\/wp-content\/uploads\/2024\/10\/conf-organizacional.jpg\" class=\"attachment-large size-large wp-image-121\" alt=\"\" srcset=\"https:\/\/saioamota.es\/wp-content\/uploads\/2024\/10\/conf-organizacional.jpg 587w, https:\/\/saioamota.es\/wp-content\/uploads\/2024\/10\/conf-organizacional-300x174.jpg 300w\" sizes=\"(max-width: 587px) 100vw, 587px\" \/>\t\t\t\t\t\t\t\t\t\t\t\t\t<\/div>\n\t\t\t\t<\/div>\n\t\t\t\t<div class=\"elementor-element elementor-element-4d55e12 elementor-widget elementor-widget-button\" data-id=\"4d55e12\" data-element_type=\"widget\" data-widget_type=\"button.default\">\n\t\t\t\t<div class=\"elementor-widget-container\">\n\t\t\t\t\t\t\t\t<a class=\"elementor-button elementor-button-link elementor-size-sm\" href=\"https:\/\/saioamota.es\/index.php\/contacto\">\n\t\t\t\t\t\t<span class=\"elementor-button-content-wrapper\">\n\t\t\t\t\t\t\t\t\t<span class=\"elementor-button-text\">M\u00c1S INFOMACI\u00d3N<\/span>\n\t\t\t\t\t<\/span>\n\t\t\t\t\t<\/a>\n\t\t\t\t\t\t<\/div>\n\t\t\t\t<\/div>\n\t\t\t\t<\/div>\n\t\t<div class=\"elementor-element elementor-element-63a5f9a e-con-full e-flex e-con e-child\" data-id=\"63a5f9a\" data-element_type=\"container\">\n\t\t<div class=\"elementor-element elementor-element-3b7c606 e-con-full e-flex e-con e-child\" data-id=\"3b7c606\" data-element_type=\"container\">\n\t\t<div class=\"elementor-element elementor-element-e047ac6 e-con-full e-flex e-con e-child\" data-id=\"e047ac6\" data-element_type=\"container\">\n\t\t\t\t<div class=\"elementor-element elementor-element-b7601f5 elementor-widget elementor-widget-text-editor\" data-id=\"b7601f5\" data-element_type=\"widget\" data-widget_type=\"text-editor.default\">\n\t\t\t\t<div class=\"elementor-widget-container\">\n\t\t\t\t\t\t\t<p>Soy consciente de que la vida profesional de las personas pasa por muchas etapas y vivencias que pueden generar incertidumbre y desasosiego sin que a nivel consciente se encuentre el camino.<\/p><p>Las constelaciones organizacionales son una herramienta valiosa que pueden ayudar a desbloquear, enfocar y situar procesos inconscientes que aportan luz y serenidad a tu vida profesional, y por ende, a tu vida personal.<\/p>\t\t\t\t\t\t<\/div>\n\t\t\t\t<\/div>\n\t\t\t\t<\/div>\n\t\t<div class=\"elementor-element elementor-element-c71e600 e-con-full e-flex e-con e-child\" data-id=\"c71e600\" data-element_type=\"container\">\n\t\t\t\t<div class=\"elementor-element elementor-element-d6fb532 elementor-widget elementor-widget-text-editor\" data-id=\"d6fb532\" data-element_type=\"widget\" data-widget_type=\"text-editor.default\">\n\t\t\t\t<div class=\"elementor-widget-container\">\n\t\t\t\t\t\t\t<p>Son un proceso de visualizaci\u00f3n y an\u00e1lisis que pueden ayudar a revelar patrones y bloqueos que pueden estar afectando a tu camino profesional o financiero.<\/p><p>Este espacio est\u00e1 dise\u00f1ado para las personas , que en un momento dado, necesit\u00e9is mirar y explorar las implicaciones inconscientes y sist\u00e9micas que est\u00e1n generando inquietud a nivel profesional a trav\u00e9s de las constelaciones organizacionales.<\/p><p>He dise\u00f1ado un espacio donde me pongo al servicio para acoger, sostener y acompa\u00f1ar el momento que est\u00e1is transitando.<\/p>\t\t\t\t\t\t<\/div>\n\t\t\t\t<\/div>\n\t\t\t\t<\/div>\n\t\t\t\t<\/div>\n\t\t\t\t<div class=\"elementor-element elementor-element-9f3f272 elementor-widget elementor-widget-text-editor\" data-id=\"9f3f272\" data-element_type=\"widget\" data-widget_type=\"text-editor.default\">\n\t\t\t\t<div class=\"elementor-widget-container\">\n\t\t\t\t\t\t\t<p>Transforma tu relaci\u00f3n con el Trabajo, la Vocaci\u00f3n y el Dinero desde una perspectiva sist\u00e9mica<\/p>\t\t\t\t\t\t<\/div>\n\t\t\t\t<\/div>\n\t\t\t\t<div class=\"elementor-element elementor-element-9238695 elementor-icon-list--layout-traditional elementor-list-item-link-full_width elementor-widget elementor-widget-icon-list\" data-id=\"9238695\" data-element_type=\"widget\" data-widget_type=\"icon-list.default\">\n\t\t\t\t<div class=\"elementor-widget-container\">\n\t\t\t\t\t<ul class=\"elementor-icon-list-items\">\n\t\t\t\t\t\t\t<li class=\"elementor-icon-list-item\">\n\t\t\t\t\t\t\t\t\t\t\t<span class=\"elementor-icon-list-icon\">\n\t\t\t\t\t\t\t<svg xmlns=\"http:\/\/www.w3.org\/2000\/svg\" width=\"13\" height=\"15\" viewBox=\"0 0 13 15\"><path id=\"Pol&#xED;gono_18\" data-name=\"Pol&#xED;gono 18\" d=\"M11.25,0,15,6.5,11.25,13H3.75L0,6.5,3.75,0Z\" transform=\"translate(13) rotate(90)\" fill=\"#f5c06a\" opacity=\"0.391\"><\/path><\/svg>\t\t\t\t\t\t<\/span>\n\t\t\t\t\t\t\t\t\t\t<span class=\"elementor-icon-list-text\">Si buscas un cambio profesional o deseas profundizar en tu vocaci\u00f3n.<\/span>\n\t\t\t\t\t\t\t\t\t<\/li>\n\t\t\t\t\t\t\t\t<li class=\"elementor-icon-list-item\">\n\t\t\t\t\t\t\t\t\t\t\t<span class=\"elementor-icon-list-icon\">\n\t\t\t\t\t\t\t<svg xmlns=\"http:\/\/www.w3.org\/2000\/svg\" width=\"13\" height=\"15\" viewBox=\"0 0 13 15\"><path id=\"Pol&#xED;gono_18\" data-name=\"Pol&#xED;gono 18\" d=\"M11.25,0,15,6.5,11.25,13H3.75L0,6.5,3.75,0Z\" transform=\"translate(13) rotate(90)\" fill=\"#f5c06a\" opacity=\"0.391\"><\/path><\/svg>\t\t\t\t\t\t<\/span>\n\t\t\t\t\t\t\t\t\t\t<span class=\"elementor-icon-list-text\">Si quieres mejorar tu relaci\u00f3n con el dinero.<\/span>\n\t\t\t\t\t\t\t\t\t<\/li>\n\t\t\t\t\t\t\t\t<li class=\"elementor-icon-list-item\">\n\t\t\t\t\t\t\t\t\t\t\t<span class=\"elementor-icon-list-icon\">\n\t\t\t\t\t\t\t<svg xmlns=\"http:\/\/www.w3.org\/2000\/svg\" width=\"13\" height=\"15\" viewBox=\"0 0 13 15\"><path id=\"Pol&#xED;gono_18\" data-name=\"Pol&#xED;gono 18\" d=\"M11.25,0,15,6.5,11.25,13H3.75L0,6.5,3.75,0Z\" transform=\"translate(13) rotate(90)\" fill=\"#f5c06a\" opacity=\"0.391\"><\/path><\/svg>\t\t\t\t\t\t<\/span>\n\t\t\t\t\t\t\t\t\t\t<span class=\"elementor-icon-list-text\">Si sientes que hay bloqueos que limitan tu \u00e9xito o satisfacci\u00f3n.<\/span>\n\t\t\t\t\t\t\t\t\t<\/li>\n\t\t\t\t\t\t\t\t<li class=\"elementor-icon-list-item\">\n\t\t\t\t\t\t\t\t\t\t\t<span class=\"elementor-icon-list-icon\">\n\t\t\t\t\t\t\t<svg xmlns=\"http:\/\/www.w3.org\/2000\/svg\" width=\"13\" height=\"15\" viewBox=\"0 0 13 15\"><path id=\"Pol&#xED;gono_18\" data-name=\"Pol&#xED;gono 18\" d=\"M11.25,0,15,6.5,11.25,13H3.75L0,6.5,3.75,0Z\" transform=\"translate(13) rotate(90)\" fill=\"#f5c06a\" opacity=\"0.391\"><\/path><\/svg>\t\t\t\t\t\t<\/span>\n\t\t\t\t\t\t\t\t\t\t<span class=\"elementor-icon-list-text\">Si deseas tomar decisiones de carrera con una visi\u00f3n m\u00e1s amplia y profunda<\/span>\n\t\t\t\t\t\t\t\t\t<\/li>\n\t\t\t\t\t\t<\/ul>\n\t\t\t\t<\/div>\n\t\t\t\t<\/div>\n\t\t\t\t<\/div>\n\t\t\t\t<\/div>\n\t\t\t\t\t<\/div>\n\t\t\t\t<\/div>\n\t\t\t\t<\/div>\n\t\t","protected":false},"excerpt":{"rendered":"<p>CONFIGURACIONES ORGANIZACIONALES Descubre tu verdadero camino, reencu\u00e9ntrate con tu prop\u00f3sito y transf\u00f3rmalo en abundancia. Explora y libera los patrones que limitan tu \u00e9xito, y crear una vida profesional, vocacional y financiera plena. SESIONES DE CONFIGURACIONES ORGANIZACIONALES M\u00c1S INFOMACI\u00d3N Soy consciente de que la vida profesional de las personas pasa por muchas etapas y vivencias que [&hellip;]<\/p>\n","protected":false},"author":1,"featured_media":0,"parent":0,"menu_order":0,"comment_status":"closed","ping_status":"closed","template":"","meta":{"footnotes":""},"class_list":["post-119","page","type-page","status-publish","hentry"],"_links":{"self":[{"href":"https:\/\/saioamota.es\/index.php\/wp-json\/wp\/v2\/pages\/119"}],"collection":[{"href":"https:\/\/saioamota.es\/index.php\/wp-json\/wp\/v2\/pages"}],"about":[{"href":"https:\/\/saioamota.es\/index.php\/wp-json\/wp\/v2\/types\/page"}],"author":[{"embeddable":true,"href":"https:\/\/saioamota.es\/index.php\/wp-json\/wp\/v2\/users\/1"}],"replies":[{"embeddable":true,"href":"https:\/\/saioamota.es\/index.php\/wp-json\/wp\/v2\/comments?post=119"}],"version-history":[{"count":10,"href":"https:\/\/saioamota.es\/index.php\/wp-json\/wp\/v2\/pages\/119\/revisions"}],"predecessor-version":[{"id":179,"href":"https:\/\/saioamota.es\/index.php\/wp-json\/wp\/v2\/pages\/119\/revisions\/179"}],"wp:attachment":[{"href":"https:\/\/saioamota.es\/index.php\/wp-json\/wp\/v2\/media?parent=119"}],"curies":[{"name":"wp","href":"https:\/\/api.w.org\/{rel}","templated":true}]}}